{"id":11770,"date":"2025-06-20T18:15:40","date_gmt":"2025-06-20T22:15:40","guid":{"rendered":"https:\/\/iberdeportes.com\/joma\/?post_type=product&#038;p=11770"},"modified":"2025-06-20T18:27:46","modified_gmt":"2025-06-20T22:27:46","slug":"gol-negro","status":"publish","type":"product","link":"https:\/\/iberdeportes.com\/joma\/producto\/gol-negro\/","title":{"rendered":"GOL NEGRO"},"content":{"rendered":"<div class=\"wpb-content-wrapper\"><p>[vc_row content_placement=\u00bbtop\u00bb][vc_column width=\u00bb1\/2&#8243;]\t\t<div id=\"wd-661e9f5458e4b\" class=\"wd-text-block wd-wpb reset-last-child wd-rs-661e9f5458e4b text-left \">\n\t\t\t<div class=\"cdk-visually-hidden cdk-focus-trap-anchor\" aria-hidden=\"true\">\n<p>Upper confeccionado en material sint\u00e9tico PU sin costuras usando la tecnolog\u00eda ONE PIECE para que sean s\u00faper ligeras. Igualmente, al llevar la tecnolog\u00eda SOCK SYSTEM, ofrecen una sujeci\u00f3n y adaptabilidad \u00f3ptimas. Comodidad ante todo y facilidad a la hora de pon\u00e9rselas y quit\u00e1rselas.<\/p>\n<p>En la parte trasera, cuenta con un contrafuerte EXO COUNTER, que protege la zona y proporciona estabilidad.<\/p>\n<p>La suela es de material sint\u00e9tico de alta calidad con buena resistencia al desgaste por abrasi\u00f3n. Adaptada al tipo de terreno para controlar mejor los movimientos sobre c\u00e9sped artificial. Cuentan con estructura de tacos a\u00f1adidos para distribuir mejor el peso y facilitar el agarre.<\/p>\n<\/div>\n\t\t<\/div>\n\t\t[vc_single_image image=\u00bb11775&#8243; img_size=\u00bbmedium\u00bb onclick=\u00bbzoom\u00bb css=\u00bb\u00bb parallax_scroll=\u00bbno\u00bb woodmart_inline=\u00bbno\u00bb][\/vc_column][vc_column width=\u00bb1\/2&#8243; css=\u00bb.vc_custom_1490694541710{padding-top: 0px !important;}\u00bb][vc_row_inner content_placement=\u00bbtop\u00bb][vc_column_inner width=\u00bb1\/2&#8243; css=\u00bb.vc_custom_1490695008312{margin-bottom: 20px !important;}\u00bb]\t\t\t<div class=\"info-box-wrapper\">\n\t\t\t\t<div id=\"wd-661d9edc2abe7\" class=\" wd-rs-661d9edc2abe7 wd-info-box wd-wpb text-center box-icon-align-top box-style- color-scheme- wd-bg-none vc_custom_1713217503314\">\n\t\t\t\t\t\t\t\t\t\t\t<div class=\"box-icon-wrapper  box-with-icon box-icon-simple\">\n\t\t\t\t\t\t\t<div class=\"info-box-icon\">\n\t\t\t\t\t\t\t\t<img loading=\"lazy\" decoding=\"async\" width=\"321\" height=\"96\" src=\"https:\/\/iberdeportes.com\/joma\/wp-content\/uploads\/sites\/2\/2024\/04\/exo-counter-321x96.png\" class=\"attachment-321x96 size-321x96\" alt=\"\" srcset=\"https:\/\/iberdeportes.com\/joma\/wp-content\/uploads\/sites\/2\/2024\/04\/exo-counter.png 321w, https:\/\/iberdeportes.com\/joma\/wp-content\/uploads\/sites\/2\/2024\/04\/exo-counter-150x45.png 150w\" sizes=\"auto, (max-width: 321px) 100vw, 321px\" \/>\t\t\t\t\t\t\t<\/div>\n\t\t\t\t\t\t<\/div>\n\t\t\t\t\t\t\t\t\t\t<div class=\"info-box-content\">\n\t\t\t\t\t\t<h4 class=\"info-box-title title box-title-style-default wd-fontsize-s\">EXO COUNTER<\/h4>\t\t\t\t\t\t<div class=\"info-box-inner reset-last-child\"><\/p>\n<p style=\"text-align: center;\">Contrafuerte exterior que aporta mayor protecci\u00f3n y mejora la estabilidad.<\/p>\n<p>\n<\/div>\n\n\t\t\t\t\t\t\t\t\t\t\t<\/div>\n\n\t\t\t\t\t\n\t\t\t\t\t\t\t\t\t<\/div>\n\t\t\t<\/div>\n\t\t[\/vc_column_inner][vc_column_inner width=\u00bb1\/2&#8243; css=\u00bb.vc_custom_1490695011353{margin-bottom: 20px !important;}\u00bb]\t\t\t<div class=\"info-box-wrapper\">\n\t\t\t\t<div id=\"wd-661da02714994\" class=\" wd-rs-661da02714994 wd-info-box wd-wpb text-center box-icon-align-top box-style- color-scheme- wd-bg-none vc_custom_1713217638185\">\n\t\t\t\t\t\t\t\t\t\t\t<div class=\"box-icon-wrapper  box-with-icon box-icon-simple\">\n\t\t\t\t\t\t\t<div class=\"info-box-icon\">\n\t\t\t\t\t\t\t\t<img loading=\"lazy\" decoding=\"async\" width=\"321\" height=\"96\" src=\"https:\/\/iberdeportes.com\/joma\/wp-content\/uploads\/sites\/2\/2024\/04\/One-Piece-321x96.png\" class=\"attachment-321x96 size-321x96\" alt=\"\" srcset=\"https:\/\/iberdeportes.com\/joma\/wp-content\/uploads\/sites\/2\/2024\/04\/One-Piece.png 321w, https:\/\/iberdeportes.com\/joma\/wp-content\/uploads\/sites\/2\/2024\/04\/One-Piece-150x45.png 150w\" sizes=\"auto, (max-width: 321px) 100vw, 321px\" \/>\t\t\t\t\t\t\t<\/div>\n\t\t\t\t\t\t<\/div>\n\t\t\t\t\t\t\t\t\t\t<div class=\"info-box-content\">\n\t\t\t\t\t\t<h4 class=\"info-box-title title box-title-style-default wd-fontsize-s\">One Piece<\/h4>\t\t\t\t\t\t<div class=\"info-box-inner reset-last-child\"><\/p>\n<p style=\"text-align: center;\">Corte creado en una \u00fanica pieza sin costuras para facilitar la adaptaci\u00f3n al pie y favorecer la ligereza de la bota.<\/p>\n<p>\n<\/div>\n\n\t\t\t\t\t\t\t\t\t\t\t<\/div>\n\n\t\t\t\t\t\n\t\t\t\t\t\t\t\t\t<\/div>\n\t\t\t<\/div>\n\t\t[\/vc_column_inner][vc_column_inner width=\u00bb1\/2&#8243; css=\u00bb.vc_custom_1490694847874{margin-bottom: 20px !important;}\u00bb]\t\t\t<div class=\"info-box-wrapper\">\n\t\t\t\t<div id=\"wd-661da3f163a4b\" class=\" wd-rs-661da3f163a4b wd-info-box wd-wpb text-center box-icon-align-top box-style- color-scheme- wd-bg-none vc_custom_1713218586343\">\n\t\t\t\t\t\t\t\t\t\t\t<div class=\"box-icon-wrapper  box-with-icon box-icon-simple\">\n\t\t\t\t\t\t\t<div class=\"info-box-icon\">\n\t\t\t\t\t\t\t\t<img loading=\"lazy\" decoding=\"async\" width=\"321\" height=\"96\" src=\"https:\/\/iberdeportes.com\/joma\/wp-content\/uploads\/sites\/2\/2024\/04\/sock-system-321x96.png\" class=\"attachment-321x96 size-321x96\" alt=\"\" srcset=\"https:\/\/iberdeportes.com\/joma\/wp-content\/uploads\/sites\/2\/2024\/04\/sock-system.png 321w, https:\/\/iberdeportes.com\/joma\/wp-content\/uploads\/sites\/2\/2024\/04\/sock-system-150x45.png 150w\" sizes=\"auto, (max-width: 321px) 100vw, 321px\" \/>\t\t\t\t\t\t\t<\/div>\n\t\t\t\t\t\t<\/div>\n\t\t\t\t\t\t\t\t\t\t<div class=\"info-box-content\">\n\t\t\t\t\t\t<h4 class=\"info-box-title title box-title-style-default wd-fontsize-s\">Sock System<\/h4>\t\t\t\t\t\t<div class=\"info-box-inner reset-last-child\"><\/p>\n<p style=\"text-align: center;\">Sistema de calcet\u00edn que aporta mayor protecci\u00f3n al pie.<\/p>\n<p>\n<\/div>\n\n\t\t\t\t\t\t\t\t\t\t\t<\/div>\n\n\t\t\t\t\t\n\t\t\t\t\t\t\t\t\t<\/div>\n\t\t\t<\/div>\n\t\t[\/vc_column_inner][vc_column_inner width=\u00bb1\/2&#8243; css=\u00bb.vc_custom_1490694856753{margin-bottom: 20px !important;}\u00bb][\/vc_column_inner][\/vc_row_inner][\/vc_column][\/vc_row]<\/p>\n<\/div>","protected":false},"excerpt":{"rendered":"<p>Se trata de unas zapatos de f\u00fatbol recomendados para futbolistas amateur que quieren disfrutar al m\u00e1ximo del deporte estrella y que buscan velocidad pura..<\/p>\n<h3>Cada caja trae 12 unidades<\/h3>\n<ul class=\"ul-style square\">\n<li>Talla ADULTO\u00a0 \u00a0 \u00a0 \u00a0 \u00a0 \u00a0(39&#8211;40&#8211;40.5&#8211;41&#8211;42&#8211;42.5&#8211;43&#8211;43.5 )<\/li>\n<li>Unidades por tallas\u00a0\u00a0 ( 1&#8212;-1&#8212;-2&#8212;-2&#8212;-2&#8212;-2&#8212;-1&#8212;-1)<\/li>\n<\/ul>\n<p>ESTE PRODUCTO SE VENDE POR CAJAS DE 12 UNIDADES<\/p>\n","protected":false},"featured_media":11774,"comment_status":"open","ping_status":"closed","template":"","meta":{"_joinchat":[]},"product_brand":[],"product_cat":[119,69,73],"product_tag":[84,85],"class_list":{"0":"post-11770","1":"product","2":"type-product","3":"status-publish","4":"has-post-thumbnail","6":"product_cat-futbol-2","7":"product_cat-adulto","8":"product_cat-futbol","9":"product_tag-futbol","10":"product_tag-zapatos","12":"first","13":"instock","14":"taxable","15":"shipping-taxable","16":"purchasable","17":"product-type-simple"},"group_of_quantity":12,"min_quantity":12,"max_quantity":"","exclude_order_quantity_value_rules":"no","exclude_category_quantity_rules":"no","combine_variations":"no","supplier_id":null,"supplier_sku":"","barcode":null,"atum_controlled":true,"out_stock_date":"2025-06-20 18:15:41","out_stock_threshold":null,"inheritable":false,"inbound_stock":null,"stock_on_hold":0,"sold_today":0,"sales_last_days":0,"reserved_stock":null,"customer_returns":null,"warehouse_damage":null,"lost_in_post":null,"other_logs":null,"out_stock_days":319,"lost_sales":0,"has_location":false,"update_date":"2026-05-06T17:46:41","atum_locations":[],"atum_stock_status":"instock","restock_status":false,"low_stock_amount":"","sales_update_date":"2026-05-06T17:46:41","calc_backorders":null,"yoast_head":"<!-- This site is optimized with the Yoast SEO plugin v26.7 - https:\/\/yoast.com\/wordpress\/plugins\/seo\/ -->\n<title>GOL NEGRO - joma - Ibersport<\/title>\n<meta name=\"robots\" content=\"index, follow, max-snippet:-1, max-image-preview:large, max-video-preview:-1\" \/>\n<link rel=\"canonical\" href=\"https:\/\/iberdeportes.com\/joma\/producto\/gol-negro\/\" \/>\n<meta property=\"og:locale\" content=\"es_ES\" \/>\n<meta property=\"og:type\" content=\"article\" \/>\n<meta property=\"og:title\" content=\"GOL NEGRO - joma - Ibersport\" \/>\n<meta property=\"og:description\" content=\"Se trata de unas zapatos de f\u00fatbol recomendados para futbolistas amateur que quieren disfrutar al m\u00e1ximo del deporte estrella y que buscan velocidad pura.. Cada caja trae 12 unidades   Talla ADULTO\u00a0 \u00a0 \u00a0 \u00a0 \u00a0 \u00a0(39--40--40.5--41--42--42.5--43--43.5 )  Unidades por tallas\u00a0\u00a0 ( 1----1----2----2----2----2----1----1)  ESTE PRODUCTO SE VENDE POR CAJAS DE 12 UNIDADES\" \/>\n<meta property=\"og:url\" content=\"https:\/\/iberdeportes.com\/joma\/producto\/gol-negro\/\" \/>\n<meta property=\"og:site_name\" content=\"joma - Ibersport\" \/>\n<meta property=\"article:modified_time\" content=\"2025-06-20T22:27:46+00:00\" \/>\n<meta property=\"og:image\" content=\"https:\/\/iberdeportes.com\/joma\/wp-content\/uploads\/sites\/2\/2025\/06\/GOLS2501.jpg\" \/>\n\t<meta property=\"og:image:width\" content=\"2000\" \/>\n\t<meta property=\"og:image:height\" content=\"2000\" \/>\n\t<meta property=\"og:image:type\" content=\"image\/jpeg\" \/>\n<meta name=\"twitter:card\" content=\"summary_large_image\" \/>\n<meta name=\"twitter:label1\" content=\"Tiempo de lectura\" \/>\n\t<meta name=\"twitter:data1\" content=\"3 minutos\" \/>\n<script type=\"application\/ld+json\" class=\"yoast-schema-graph\">{\"@context\":\"https:\/\/schema.org\",\"@graph\":[{\"@type\":\"WebPage\",\"@id\":\"https:\/\/iberdeportes.com\/joma\/producto\/gol-negro\/\",\"url\":\"https:\/\/iberdeportes.com\/joma\/producto\/gol-negro\/\",\"name\":\"GOL NEGRO - joma - Ibersport\",\"isPartOf\":{\"@id\":\"https:\/\/iberdeportes.com\/joma\/#website\"},\"primaryImageOfPage\":{\"@id\":\"https:\/\/iberdeportes.com\/joma\/producto\/gol-negro\/#primaryimage\"},\"image\":{\"@id\":\"https:\/\/iberdeportes.com\/joma\/producto\/gol-negro\/#primaryimage\"},\"thumbnailUrl\":\"https:\/\/iberdeportes.com\/joma\/wp-content\/uploads\/sites\/2\/2025\/06\/GOLS2501.jpg\",\"datePublished\":\"2025-06-20T22:15:40+00:00\",\"dateModified\":\"2025-06-20T22:27:46+00:00\",\"breadcrumb\":{\"@id\":\"https:\/\/iberdeportes.com\/joma\/producto\/gol-negro\/#breadcrumb\"},\"inLanguage\":\"es\",\"potentialAction\":[{\"@type\":\"ReadAction\",\"target\":[\"https:\/\/iberdeportes.com\/joma\/producto\/gol-negro\/\"]}]},{\"@type\":\"ImageObject\",\"inLanguage\":\"es\",\"@id\":\"https:\/\/iberdeportes.com\/joma\/producto\/gol-negro\/#primaryimage\",\"url\":\"https:\/\/iberdeportes.com\/joma\/wp-content\/uploads\/sites\/2\/2025\/06\/GOLS2501.jpg\",\"contentUrl\":\"https:\/\/iberdeportes.com\/joma\/wp-content\/uploads\/sites\/2\/2025\/06\/GOLS2501.jpg\",\"width\":2000,\"height\":2000},{\"@type\":\"BreadcrumbList\",\"@id\":\"https:\/\/iberdeportes.com\/joma\/producto\/gol-negro\/#breadcrumb\",\"itemListElement\":[{\"@type\":\"ListItem\",\"position\":1,\"name\":\"Portada\",\"item\":\"https:\/\/iberdeportes.com\/joma\/\"},{\"@type\":\"ListItem\",\"position\":2,\"name\":\"Tienda\",\"item\":\"https:\/\/iberdeportes.com\/joma\/shop\/\"},{\"@type\":\"ListItem\",\"position\":3,\"name\":\"GOL NEGRO\"}]},{\"@type\":\"WebSite\",\"@id\":\"https:\/\/iberdeportes.com\/joma\/#website\",\"url\":\"https:\/\/iberdeportes.com\/joma\/\",\"name\":\"joma - Ibersport\",\"description\":\"Ibersport distribuidor oficial art\u00edculos Joma en Venezuela\",\"publisher\":{\"@id\":\"https:\/\/iberdeportes.com\/joma\/#organization\"},\"alternateName\":\"Ibersport\",\"potentialAction\":[{\"@type\":\"SearchAction\",\"target\":{\"@type\":\"EntryPoint\",\"urlTemplate\":\"https:\/\/iberdeportes.com\/joma\/?s={search_term_string}\"},\"query-input\":{\"@type\":\"PropertyValueSpecification\",\"valueRequired\":true,\"valueName\":\"search_term_string\"}}],\"inLanguage\":\"es\"},{\"@type\":\"Organization\",\"@id\":\"https:\/\/iberdeportes.com\/joma\/#organization\",\"name\":\"Ibersport\",\"url\":\"https:\/\/iberdeportes.com\/joma\/\",\"logo\":{\"@type\":\"ImageObject\",\"inLanguage\":\"es\",\"@id\":\"https:\/\/iberdeportes.com\/joma\/#\/schema\/logo\/image\/\",\"url\":\"https:\/\/iberdeportes.com\/joma\/wp-content\/uploads\/sites\/2\/2024\/04\/Sin-titulo-3-1.png\",\"contentUrl\":\"https:\/\/iberdeportes.com\/joma\/wp-content\/uploads\/sites\/2\/2024\/04\/Sin-titulo-3-1.png\",\"width\":624,\"height\":510,\"caption\":\"Ibersport\"},\"image\":{\"@id\":\"https:\/\/iberdeportes.com\/joma\/#\/schema\/logo\/image\/\"}}]}<\/script>\n<!-- \/ Yoast SEO plugin. -->","yoast_head_json":{"title":"GOL NEGRO - joma - Ibersport","robots":{"index":"index","follow":"follow","max-snippet":"max-snippet:-1","max-image-preview":"max-image-preview:large","max-video-preview":"max-video-preview:-1"},"canonical":"https:\/\/iberdeportes.com\/joma\/producto\/gol-negro\/","og_locale":"es_ES","og_type":"article","og_title":"GOL NEGRO - joma - Ibersport","og_description":"Se trata de unas zapatos de f\u00fatbol recomendados para futbolistas amateur que quieren disfrutar al m\u00e1ximo del deporte estrella y que buscan velocidad pura.. Cada caja trae 12 unidades   Talla ADULTO\u00a0 \u00a0 \u00a0 \u00a0 \u00a0 \u00a0(39--40--40.5--41--42--42.5--43--43.5 )  Unidades por tallas\u00a0\u00a0 ( 1----1----2----2----2----2----1----1)  ESTE PRODUCTO SE VENDE POR CAJAS DE 12 UNIDADES","og_url":"https:\/\/iberdeportes.com\/joma\/producto\/gol-negro\/","og_site_name":"joma - Ibersport","article_modified_time":"2025-06-20T22:27:46+00:00","og_image":[{"width":2000,"height":2000,"url":"https:\/\/iberdeportes.com\/joma\/wp-content\/uploads\/sites\/2\/2025\/06\/GOLS2501.jpg","type":"image\/jpeg"}],"twitter_card":"summary_large_image","twitter_misc":{"Tiempo de lectura":"3 minutos"},"schema":{"@context":"https:\/\/schema.org","@graph":[{"@type":"WebPage","@id":"https:\/\/iberdeportes.com\/joma\/producto\/gol-negro\/","url":"https:\/\/iberdeportes.com\/joma\/producto\/gol-negro\/","name":"GOL NEGRO - joma - Ibersport","isPartOf":{"@id":"https:\/\/iberdeportes.com\/joma\/#website"},"primaryImageOfPage":{"@id":"https:\/\/iberdeportes.com\/joma\/producto\/gol-negro\/#primaryimage"},"image":{"@id":"https:\/\/iberdeportes.com\/joma\/producto\/gol-negro\/#primaryimage"},"thumbnailUrl":"https:\/\/iberdeportes.com\/joma\/wp-content\/uploads\/sites\/2\/2025\/06\/GOLS2501.jpg","datePublished":"2025-06-20T22:15:40+00:00","dateModified":"2025-06-20T22:27:46+00:00","breadcrumb":{"@id":"https:\/\/iberdeportes.com\/joma\/producto\/gol-negro\/#breadcrumb"},"inLanguage":"es","potentialAction":[{"@type":"ReadAction","target":["https:\/\/iberdeportes.com\/joma\/producto\/gol-negro\/"]}]},{"@type":"ImageObject","inLanguage":"es","@id":"https:\/\/iberdeportes.com\/joma\/producto\/gol-negro\/#primaryimage","url":"https:\/\/iberdeportes.com\/joma\/wp-content\/uploads\/sites\/2\/2025\/06\/GOLS2501.jpg","contentUrl":"https:\/\/iberdeportes.com\/joma\/wp-content\/uploads\/sites\/2\/2025\/06\/GOLS2501.jpg","width":2000,"height":2000},{"@type":"BreadcrumbList","@id":"https:\/\/iberdeportes.com\/joma\/producto\/gol-negro\/#breadcrumb","itemListElement":[{"@type":"ListItem","position":1,"name":"Portada","item":"https:\/\/iberdeportes.com\/joma\/"},{"@type":"ListItem","position":2,"name":"Tienda","item":"https:\/\/iberdeportes.com\/joma\/shop\/"},{"@type":"ListItem","position":3,"name":"GOL NEGRO"}]},{"@type":"WebSite","@id":"https:\/\/iberdeportes.com\/joma\/#website","url":"https:\/\/iberdeportes.com\/joma\/","name":"joma - Ibersport","description":"Ibersport distribuidor oficial art\u00edculos Joma en Venezuela","publisher":{"@id":"https:\/\/iberdeportes.com\/joma\/#organization"},"alternateName":"Ibersport","potentialAction":[{"@type":"SearchAction","target":{"@type":"EntryPoint","urlTemplate":"https:\/\/iberdeportes.com\/joma\/?s={search_term_string}"},"query-input":{"@type":"PropertyValueSpecification","valueRequired":true,"valueName":"search_term_string"}}],"inLanguage":"es"},{"@type":"Organization","@id":"https:\/\/iberdeportes.com\/joma\/#organization","name":"Ibersport","url":"https:\/\/iberdeportes.com\/joma\/","logo":{"@type":"ImageObject","inLanguage":"es","@id":"https:\/\/iberdeportes.com\/joma\/#\/schema\/logo\/image\/","url":"https:\/\/iberdeportes.com\/joma\/wp-content\/uploads\/sites\/2\/2024\/04\/Sin-titulo-3-1.png","contentUrl":"https:\/\/iberdeportes.com\/joma\/wp-content\/uploads\/sites\/2\/2024\/04\/Sin-titulo-3-1.png","width":624,"height":510,"caption":"Ibersport"},"image":{"@id":"https:\/\/iberdeportes.com\/joma\/#\/schema\/logo\/image\/"}}]}},"_links":{"self":[{"href":"https:\/\/iberdeportes.com\/joma\/wp-json\/wp\/v2\/product\/11770","targetHints":{"allow":["GET"]}}],"collection":[{"href":"https:\/\/iberdeportes.com\/joma\/wp-json\/wp\/v2\/product"}],"about":[{"href":"https:\/\/iberdeportes.com\/joma\/wp-json\/wp\/v2\/types\/product"}],"replies":[{"embeddable":true,"href":"https:\/\/iberdeportes.com\/joma\/wp-json\/wp\/v2\/comments?post=11770"}],"wp:featuredmedia":[{"embeddable":true,"href":"https:\/\/iberdeportes.com\/joma\/wp-json\/wp\/v2\/media\/11774"}],"wp:attachment":[{"href":"https:\/\/iberdeportes.com\/joma\/wp-json\/wp\/v2\/media?parent=11770"}],"wp:term":[{"taxonomy":"product_brand","embeddable":true,"href":"https:\/\/iberdeportes.com\/joma\/wp-json\/wp\/v2\/product_brand?post=11770"},{"taxonomy":"product_cat","embeddable":true,"href":"https:\/\/iberdeportes.com\/joma\/wp-json\/wp\/v2\/product_cat?post=11770"},{"taxonomy":"product_tag","embeddable":true,"href":"https:\/\/iberdeportes.com\/joma\/wp-json\/wp\/v2\/product_tag?post=11770"}],"curies":[{"name":"wp","href":"https:\/\/api.w.org\/{rel}","templated":true}]}}