{"id":11376,"date":"2024-08-22T21:13:21","date_gmt":"2024-08-23T01:13:21","guid":{"rendered":"https:\/\/iberdeportes.com\/joma\/?post_type=product&#038;p=11376"},"modified":"2025-04-04T12:29:33","modified_gmt":"2025-04-04T16:29:33","slug":"mundial-azul","status":"publish","type":"product","link":"https:\/\/iberdeportes.com\/joma\/producto\/mundial-azul\/","title":{"rendered":"MUNDIAL AZUL"},"content":{"rendered":"<div class=\"wpb-content-wrapper\"><p>[vc_row content_placement=\u00bbtop\u00bb][vc_column width=\u00bb1\/2&#8243;]\t\t<div id=\"wd-661ee926a5e1a\" class=\"wd-text-block wd-wpb reset-last-child wd-rs-661ee926a5e1a text-left \">\n\t\t\t<div class=\"cdk-visually-hidden cdk-focus-trap-anchor\" aria-hidden=\"true\">\n<p>Upper elaborado en su mayor\u00eda con PVC igualmente resistente con buen contacto con el bal\u00f3n. Para optimizar la ventilaci\u00f3n del sudor se han incorporado peque\u00f1as perforaciones VTS, que mejoran el flujo de aire y permiten que la temperatura del pie se mantenga constante. Tambi\u00e9n cuenta con piezas de textil ligero y transpirable.<\/p>\n<p>Con pieza de caucho PROTECTION en la puntera para proteger la zona.<\/p>\n<\/div>\n\t\t<\/div>\n\t\t[vc_single_image image=\u00bb11377&#8243; img_size=\u00bbmedium\u00bb onclick=\u00bbzoom\u00bb css=\u00bb\u00bb parallax_scroll=\u00bbno\u00bb woodmart_inline=\u00bbno\u00bb][\/vc_column][vc_column width=\u00bb1\/2&#8243; css=\u00bb.vc_custom_1490694541710{padding-top: 0px !important;}\u00bb][vc_row_inner content_placement=\u00bbtop\u00bb][vc_column_inner width=\u00bb1\/2&#8243; css=\u00bb.vc_custom_1490695008312{margin-bottom: 20px !important;}\u00bb]\t\t\t<div class=\"info-box-wrapper\">\n\t\t\t\t<div id=\"wd-661ebdce94703\" class=\" wd-rs-661ebdce94703 wd-info-box wd-wpb text-center box-icon-align-top box-style- color-scheme- wd-bg-none vc_custom_1713290706468\">\n\t\t\t\t\t\t\t\t\t\t\t<div class=\"box-icon-wrapper  box-with-icon box-icon-simple\">\n\t\t\t\t\t\t\t<div class=\"info-box-icon\">\n\t\t\t\t\t\t\t\t<img loading=\"lazy\" decoding=\"async\" width=\"321\" height=\"96\" src=\"https:\/\/iberdeportes.com\/joma\/wp-content\/uploads\/sites\/2\/2024\/04\/VTS-321x96.png\" class=\"attachment-321x96 size-321x96\" alt=\"\" srcset=\"https:\/\/iberdeportes.com\/joma\/wp-content\/uploads\/sites\/2\/2024\/04\/VTS.png 321w, https:\/\/iberdeportes.com\/joma\/wp-content\/uploads\/sites\/2\/2024\/04\/VTS-150x45.png 150w\" sizes=\"auto, (max-width: 321px) 100vw, 321px\" \/>\t\t\t\t\t\t\t<\/div>\n\t\t\t\t\t\t<\/div>\n\t\t\t\t\t\t\t\t\t\t<div class=\"info-box-content\">\n\t\t\t\t\t\t<h4 class=\"info-box-title title box-title-style-default wd-fontsize-s\">VTS<\/h4>\t\t\t\t\t\t<div class=\"info-box-inner reset-last-child\"><\/p>\n<p style=\"text-align: center;\">Sistema que permite que el flujo de aire ingrese al pie para mantenerlo fresco y c\u00f3modo durante el ejercicio.<\/p>\n<p>\n<\/div>\n\n\t\t\t\t\t\t\t\t\t\t\t<\/div>\n\n\t\t\t\t\t\n\t\t\t\t\t\t\t\t\t<\/div>\n\t\t\t<\/div>\n\t\t[\/vc_column_inner][vc_column_inner width=\u00bb1\/2&#8243; css=\u00bb.vc_custom_1490695011353{margin-bottom: 20px !important;}\u00bb]\t\t\t<div class=\"info-box-wrapper\">\n\t\t\t\t<div id=\"wd-661ebd9d3acd4\" class=\" wd-rs-661ebd9d3acd4 wd-info-box wd-wpb text-center box-icon-align-top box-style- color-scheme- wd-bg-none vc_custom_1713290697934\">\n\t\t\t\t\t\t\t\t\t\t\t<div class=\"box-icon-wrapper  box-with-icon box-icon-simple\">\n\t\t\t\t\t\t\t<div class=\"info-box-icon\">\n\t\t\t\t\t\t\t\t<img loading=\"lazy\" decoding=\"async\" width=\"321\" height=\"96\" src=\"https:\/\/iberdeportes.com\/joma\/wp-content\/uploads\/sites\/2\/2024\/04\/Durability-321x96.png\" class=\"attachment-321x96 size-321x96\" alt=\"\" srcset=\"https:\/\/iberdeportes.com\/joma\/wp-content\/uploads\/sites\/2\/2024\/04\/Durability.png 321w, https:\/\/iberdeportes.com\/joma\/wp-content\/uploads\/sites\/2\/2024\/04\/Durability-150x45.png 150w\" sizes=\"auto, (max-width: 321px) 100vw, 321px\" \/>\t\t\t\t\t\t\t<\/div>\n\t\t\t\t\t\t<\/div>\n\t\t\t\t\t\t\t\t\t\t<div class=\"info-box-content\">\n\t\t\t\t\t\t<h4 class=\"info-box-title title box-title-style-default wd-fontsize-s\">DURABILITY<\/h4>\t\t\t\t\t\t<div class=\"info-box-inner reset-last-child\"><\/p>\n<p style=\"text-align: center;\">Es un sistema que retrasa el desgaste por abrasi\u00f3n que sufren las suelas en todos los deportes.<\/p>\n<p>\n<\/div>\n\n\t\t\t\t\t\t\t\t\t\t\t<\/div>\n\n\t\t\t\t\t\n\t\t\t\t\t\t\t\t\t<\/div>\n\t\t\t<\/div>\n\t\t[\/vc_column_inner][\/vc_row_inner][vc_row_inner content_placement=\u00bbtop\u00bb][vc_column_inner width=\u00bb1\/2&#8243; css=\u00bb.vc_custom_1490695008312{margin-bottom: 20px !important;}\u00bb]\t\t\t<div class=\"info-box-wrapper\">\n\t\t\t\t<div id=\"wd-661ebde21af02\" class=\" wd-rs-661ebde21af02 wd-info-box wd-wpb text-center box-icon-align-top box-style- color-scheme- wd-bg-none vc_custom_1713290767839\">\n\t\t\t\t\t\t\t\t\t\t\t<div class=\"box-icon-wrapper  box-with-icon box-icon-simple\">\n\t\t\t\t\t\t\t<div class=\"info-box-icon\">\n\t\t\t\t\t\t\t\t<img loading=\"lazy\" decoding=\"async\" width=\"321\" height=\"96\" src=\"https:\/\/iberdeportes.com\/joma\/wp-content\/uploads\/sites\/2\/2024\/04\/protection-321x96.png\" class=\"attachment-321x96 size-321x96\" alt=\"\" srcset=\"https:\/\/iberdeportes.com\/joma\/wp-content\/uploads\/sites\/2\/2024\/04\/protection.png 321w, https:\/\/iberdeportes.com\/joma\/wp-content\/uploads\/sites\/2\/2024\/04\/protection-150x45.png 150w\" sizes=\"auto, (max-width: 321px) 100vw, 321px\" \/>\t\t\t\t\t\t\t<\/div>\n\t\t\t\t\t\t<\/div>\n\t\t\t\t\t\t\t\t\t\t<div class=\"info-box-content\">\n\t\t\t\t\t\t<h4 class=\"info-box-title title box-title-style-default wd-fontsize-s\">PROTECTION<\/h4>\t\t\t\t\t\t<div class=\"info-box-inner reset-last-child\"><\/p>\n<p style=\"text-align: center;\">Para la practica deportiva, utiliza materiales m\u00e1s densos, con mayor resistencia a la abrasi\u00f3n.<\/p>\n<p>\n<\/div>\n\n\t\t\t\t\t\t\t\t\t\t\t<\/div>\n\n\t\t\t\t\t\n\t\t\t\t\t\t\t\t\t<\/div>\n\t\t\t<\/div>\n\t\t[\/vc_column_inner][vc_column_inner width=\u00bb1\/2&#8243; css=\u00bb.vc_custom_1490695011353{margin-bottom: 20px !important;}\u00bb]\t\t\t<div class=\"info-box-wrapper\">\n\t\t\t\t<div id=\"wd-661eeafa31362\" class=\" wd-rs-661eeafa31362 wd-info-box wd-wpb text-center box-icon-align-top box-style- color-scheme- wd-bg-none vc_custom_1713302295655\">\n\t\t\t\t\t\t\t\t\t\t\t<div class=\"box-icon-wrapper  box-with-icon box-icon-simple\">\n\t\t\t\t\t\t\t<div class=\"info-box-icon\">\n\t\t\t\t\t\t\t\t<img loading=\"lazy\" decoding=\"async\" width=\"321\" height=\"96\" src=\"https:\/\/iberdeportes.com\/joma\/wp-content\/uploads\/sites\/2\/2024\/04\/flexd-321x96.png\" class=\"attachment-321x96 size-321x96\" alt=\"\" srcset=\"https:\/\/iberdeportes.com\/joma\/wp-content\/uploads\/sites\/2\/2024\/04\/flexd.png 321w, https:\/\/iberdeportes.com\/joma\/wp-content\/uploads\/sites\/2\/2024\/04\/flexd-150x45.png 150w\" sizes=\"auto, (max-width: 321px) 100vw, 321px\" \/>\t\t\t\t\t\t\t<\/div>\n\t\t\t\t\t\t<\/div>\n\t\t\t\t\t\t\t\t\t\t<div class=\"info-box-content\">\n\t\t\t\t\t\t<h4 class=\"info-box-title title box-title-style-default wd-fontsize-s\">FLEXO<\/h4>\t\t\t\t\t\t<div class=\"info-box-inner reset-last-child\"><\/p>\n<p style=\"text-align: center;\">sistema de l\u00edneas de flexi\u00f3n situadas de manera estrat\u00e9gica en la suela para ofrecer la mejor transici\u00f3n del tal\u00f3n a la puntera.<\/p>\n<p>\n<\/div>\n\n\t\t\t\t\t\t\t\t\t\t\t<\/div>\n\n\t\t\t\t\t\n\t\t\t\t\t\t\t\t\t<\/div>\n\t\t\t<\/div>\n\t\t[\/vc_column_inner][\/vc_row_inner][\/vc_column][\/vc_row]<\/p>\n<\/div>","protected":false},"excerpt":{"rendered":"<p>Zapatillas de f\u00fatbol sala unisex. Modelo m\u00e1s econ\u00f3mico polivalente, apto para partidos, entrenamientos, caimaneras&#8230; Todo lo que necesitan unas zapatillas de futsal recomendadas para jugadores amateur.<\/p>\n<h3>Cada caja trae 8 unidades<\/h3>\n<ul class=\"ul-style square\">\n<li>Talla ADULTO\u00a0 \u00a0 \u00a0 \u00a0 \u00a0 \u00a0( 40 \u2013 41 \u2013 42 \u2013 43 \u2013 44 &#8211; 45)<\/li>\n<li>Unidades por tallas\u00a0\u00a0 ( 01 \u2013 01 \u2013 02 \u2013 02 \u2013 01 &#8211; 01)<\/li>\n<\/ul>\n<p>ESTE PRODUCTO SE VENDE POR CAJAS DE 8 UNIDADES<\/p>\n","protected":false},"featured_media":11381,"comment_status":"open","ping_status":"closed","template":"","meta":{"_joinchat":[]},"product_brand":[],"product_cat":[121,69,74],"product_tag":[91,85],"class_list":{"0":"post-11376","1":"product","2":"type-product","3":"status-publish","4":"has-post-thumbnail","6":"product_cat-indoor-2","7":"product_cat-adulto","8":"product_cat-indoor","9":"product_tag-indoor","10":"product_tag-zapatos","12":"first","13":"outofstock","14":"taxable","15":"shipping-taxable","16":"product-type-simple"},"group_of_quantity":8,"min_quantity":8,"max_quantity":"","exclude_order_quantity_value_rules":"no","exclude_category_quantity_rules":"no","combine_variations":"no","supplier_id":null,"supplier_sku":"","barcode":null,"atum_controlled":true,"out_stock_date":"2025-01-22 08:34:54","out_stock_threshold":null,"inheritable":false,"inbound_stock":null,"stock_on_hold":0,"sold_today":0,"sales_last_days":0,"reserved_stock":null,"customer_returns":null,"warehouse_damage":null,"lost_in_post":null,"other_logs":null,"out_stock_days":469,"lost_sales":0,"has_location":false,"update_date":"2026-05-06T17:46:40","atum_locations":[],"atum_stock_status":"outofstock","restock_status":false,"low_stock_amount":"","sales_update_date":"2026-05-06T17:46:40","calc_backorders":null,"yoast_head":"<!-- This site is optimized with the Yoast SEO plugin v26.7 - https:\/\/yoast.com\/wordpress\/plugins\/seo\/ -->\n<title>MUNDIAL AZUL - joma - Ibersport<\/title>\n<meta name=\"robots\" content=\"index, follow, max-snippet:-1, max-image-preview:large, max-video-preview:-1\" \/>\n<link rel=\"canonical\" href=\"https:\/\/iberdeportes.com\/joma\/producto\/mundial-azul\/\" \/>\n<meta property=\"og:locale\" content=\"es_ES\" \/>\n<meta property=\"og:type\" content=\"article\" \/>\n<meta property=\"og:title\" content=\"MUNDIAL AZUL - joma - Ibersport\" \/>\n<meta property=\"og:description\" content=\"Zapatillas de f\u00fatbol sala unisex. Modelo m\u00e1s econ\u00f3mico polivalente, apto para partidos, entrenamientos, caimaneras... Todo lo que necesitan unas zapatillas de futsal recomendadas para jugadores amateur. Cada caja trae 8 unidades   Talla ADULTO\u00a0 \u00a0 \u00a0 \u00a0 \u00a0 \u00a0( 40 \u2013 41 \u2013 42 \u2013 43 \u2013 44 - 45)  Unidades por tallas\u00a0\u00a0 ( 01 \u2013 01 \u2013 02 \u2013 02 \u2013 01 - 01)  ESTE PRODUCTO SE VENDE POR CAJAS DE 8 UNIDADES\" \/>\n<meta property=\"og:url\" content=\"https:\/\/iberdeportes.com\/joma\/producto\/mundial-azul\/\" \/>\n<meta property=\"og:site_name\" content=\"joma - Ibersport\" \/>\n<meta property=\"article:modified_time\" content=\"2025-04-04T16:29:33+00:00\" \/>\n<meta property=\"og:image\" content=\"https:\/\/iberdeportes.com\/joma\/wp-content\/uploads\/sites\/2\/2024\/08\/20230613112130.MUNS2404IN-1.jpg\" \/>\n\t<meta property=\"og:image:width\" content=\"2000\" \/>\n\t<meta property=\"og:image:height\" content=\"2000\" \/>\n\t<meta property=\"og:image:type\" content=\"image\/jpeg\" \/>\n<meta name=\"twitter:card\" content=\"summary_large_image\" \/>\n<meta name=\"twitter:label1\" content=\"Tiempo de lectura\" \/>\n\t<meta name=\"twitter:data1\" content=\"3 minutos\" \/>\n<script type=\"application\/ld+json\" class=\"yoast-schema-graph\">{\"@context\":\"https:\/\/schema.org\",\"@graph\":[{\"@type\":\"WebPage\",\"@id\":\"https:\/\/iberdeportes.com\/joma\/producto\/mundial-azul\/\",\"url\":\"https:\/\/iberdeportes.com\/joma\/producto\/mundial-azul\/\",\"name\":\"MUNDIAL AZUL - joma - Ibersport\",\"isPartOf\":{\"@id\":\"https:\/\/iberdeportes.com\/joma\/#website\"},\"primaryImageOfPage\":{\"@id\":\"https:\/\/iberdeportes.com\/joma\/producto\/mundial-azul\/#primaryimage\"},\"image\":{\"@id\":\"https:\/\/iberdeportes.com\/joma\/producto\/mundial-azul\/#primaryimage\"},\"thumbnailUrl\":\"https:\/\/iberdeportes.com\/joma\/wp-content\/uploads\/sites\/2\/2024\/08\/20230613112130.MUNS2404IN-1.jpg\",\"datePublished\":\"2024-08-23T01:13:21+00:00\",\"dateModified\":\"2025-04-04T16:29:33+00:00\",\"breadcrumb\":{\"@id\":\"https:\/\/iberdeportes.com\/joma\/producto\/mundial-azul\/#breadcrumb\"},\"inLanguage\":\"es\",\"potentialAction\":[{\"@type\":\"ReadAction\",\"target\":[\"https:\/\/iberdeportes.com\/joma\/producto\/mundial-azul\/\"]}]},{\"@type\":\"ImageObject\",\"inLanguage\":\"es\",\"@id\":\"https:\/\/iberdeportes.com\/joma\/producto\/mundial-azul\/#primaryimage\",\"url\":\"https:\/\/iberdeportes.com\/joma\/wp-content\/uploads\/sites\/2\/2024\/08\/20230613112130.MUNS2404IN-1.jpg\",\"contentUrl\":\"https:\/\/iberdeportes.com\/joma\/wp-content\/uploads\/sites\/2\/2024\/08\/20230613112130.MUNS2404IN-1.jpg\",\"width\":2000,\"height\":2000},{\"@type\":\"BreadcrumbList\",\"@id\":\"https:\/\/iberdeportes.com\/joma\/producto\/mundial-azul\/#breadcrumb\",\"itemListElement\":[{\"@type\":\"ListItem\",\"position\":1,\"name\":\"Portada\",\"item\":\"https:\/\/iberdeportes.com\/joma\/\"},{\"@type\":\"ListItem\",\"position\":2,\"name\":\"Tienda\",\"item\":\"https:\/\/iberdeportes.com\/joma\/shop\/\"},{\"@type\":\"ListItem\",\"position\":3,\"name\":\"MUNDIAL AZUL\"}]},{\"@type\":\"WebSite\",\"@id\":\"https:\/\/iberdeportes.com\/joma\/#website\",\"url\":\"https:\/\/iberdeportes.com\/joma\/\",\"name\":\"joma - Ibersport\",\"description\":\"Ibersport distribuidor oficial art\u00edculos Joma en Venezuela\",\"publisher\":{\"@id\":\"https:\/\/iberdeportes.com\/joma\/#organization\"},\"alternateName\":\"Ibersport\",\"potentialAction\":[{\"@type\":\"SearchAction\",\"target\":{\"@type\":\"EntryPoint\",\"urlTemplate\":\"https:\/\/iberdeportes.com\/joma\/?s={search_term_string}\"},\"query-input\":{\"@type\":\"PropertyValueSpecification\",\"valueRequired\":true,\"valueName\":\"search_term_string\"}}],\"inLanguage\":\"es\"},{\"@type\":\"Organization\",\"@id\":\"https:\/\/iberdeportes.com\/joma\/#organization\",\"name\":\"Ibersport\",\"url\":\"https:\/\/iberdeportes.com\/joma\/\",\"logo\":{\"@type\":\"ImageObject\",\"inLanguage\":\"es\",\"@id\":\"https:\/\/iberdeportes.com\/joma\/#\/schema\/logo\/image\/\",\"url\":\"https:\/\/iberdeportes.com\/joma\/wp-content\/uploads\/sites\/2\/2024\/04\/Sin-titulo-3-1.png\",\"contentUrl\":\"https:\/\/iberdeportes.com\/joma\/wp-content\/uploads\/sites\/2\/2024\/04\/Sin-titulo-3-1.png\",\"width\":624,\"height\":510,\"caption\":\"Ibersport\"},\"image\":{\"@id\":\"https:\/\/iberdeportes.com\/joma\/#\/schema\/logo\/image\/\"}}]}<\/script>\n<!-- \/ Yoast SEO plugin. -->","yoast_head_json":{"title":"MUNDIAL AZUL - joma - Ibersport","robots":{"index":"index","follow":"follow","max-snippet":"max-snippet:-1","max-image-preview":"max-image-preview:large","max-video-preview":"max-video-preview:-1"},"canonical":"https:\/\/iberdeportes.com\/joma\/producto\/mundial-azul\/","og_locale":"es_ES","og_type":"article","og_title":"MUNDIAL AZUL - joma - Ibersport","og_description":"Zapatillas de f\u00fatbol sala unisex. Modelo m\u00e1s econ\u00f3mico polivalente, apto para partidos, entrenamientos, caimaneras... Todo lo que necesitan unas zapatillas de futsal recomendadas para jugadores amateur. Cada caja trae 8 unidades   Talla ADULTO\u00a0 \u00a0 \u00a0 \u00a0 \u00a0 \u00a0( 40 \u2013 41 \u2013 42 \u2013 43 \u2013 44 - 45)  Unidades por tallas\u00a0\u00a0 ( 01 \u2013 01 \u2013 02 \u2013 02 \u2013 01 - 01)  ESTE PRODUCTO SE VENDE POR CAJAS DE 8 UNIDADES","og_url":"https:\/\/iberdeportes.com\/joma\/producto\/mundial-azul\/","og_site_name":"joma - Ibersport","article_modified_time":"2025-04-04T16:29:33+00:00","og_image":[{"width":2000,"height":2000,"url":"https:\/\/iberdeportes.com\/joma\/wp-content\/uploads\/sites\/2\/2024\/08\/20230613112130.MUNS2404IN-1.jpg","type":"image\/jpeg"}],"twitter_card":"summary_large_image","twitter_misc":{"Tiempo de lectura":"3 minutos"},"schema":{"@context":"https:\/\/schema.org","@graph":[{"@type":"WebPage","@id":"https:\/\/iberdeportes.com\/joma\/producto\/mundial-azul\/","url":"https:\/\/iberdeportes.com\/joma\/producto\/mundial-azul\/","name":"MUNDIAL AZUL - joma - Ibersport","isPartOf":{"@id":"https:\/\/iberdeportes.com\/joma\/#website"},"primaryImageOfPage":{"@id":"https:\/\/iberdeportes.com\/joma\/producto\/mundial-azul\/#primaryimage"},"image":{"@id":"https:\/\/iberdeportes.com\/joma\/producto\/mundial-azul\/#primaryimage"},"thumbnailUrl":"https:\/\/iberdeportes.com\/joma\/wp-content\/uploads\/sites\/2\/2024\/08\/20230613112130.MUNS2404IN-1.jpg","datePublished":"2024-08-23T01:13:21+00:00","dateModified":"2025-04-04T16:29:33+00:00","breadcrumb":{"@id":"https:\/\/iberdeportes.com\/joma\/producto\/mundial-azul\/#breadcrumb"},"inLanguage":"es","potentialAction":[{"@type":"ReadAction","target":["https:\/\/iberdeportes.com\/joma\/producto\/mundial-azul\/"]}]},{"@type":"ImageObject","inLanguage":"es","@id":"https:\/\/iberdeportes.com\/joma\/producto\/mundial-azul\/#primaryimage","url":"https:\/\/iberdeportes.com\/joma\/wp-content\/uploads\/sites\/2\/2024\/08\/20230613112130.MUNS2404IN-1.jpg","contentUrl":"https:\/\/iberdeportes.com\/joma\/wp-content\/uploads\/sites\/2\/2024\/08\/20230613112130.MUNS2404IN-1.jpg","width":2000,"height":2000},{"@type":"BreadcrumbList","@id":"https:\/\/iberdeportes.com\/joma\/producto\/mundial-azul\/#breadcrumb","itemListElement":[{"@type":"ListItem","position":1,"name":"Portada","item":"https:\/\/iberdeportes.com\/joma\/"},{"@type":"ListItem","position":2,"name":"Tienda","item":"https:\/\/iberdeportes.com\/joma\/shop\/"},{"@type":"ListItem","position":3,"name":"MUNDIAL AZUL"}]},{"@type":"WebSite","@id":"https:\/\/iberdeportes.com\/joma\/#website","url":"https:\/\/iberdeportes.com\/joma\/","name":"joma - Ibersport","description":"Ibersport distribuidor oficial art\u00edculos Joma en Venezuela","publisher":{"@id":"https:\/\/iberdeportes.com\/joma\/#organization"},"alternateName":"Ibersport","potentialAction":[{"@type":"SearchAction","target":{"@type":"EntryPoint","urlTemplate":"https:\/\/iberdeportes.com\/joma\/?s={search_term_string}"},"query-input":{"@type":"PropertyValueSpecification","valueRequired":true,"valueName":"search_term_string"}}],"inLanguage":"es"},{"@type":"Organization","@id":"https:\/\/iberdeportes.com\/joma\/#organization","name":"Ibersport","url":"https:\/\/iberdeportes.com\/joma\/","logo":{"@type":"ImageObject","inLanguage":"es","@id":"https:\/\/iberdeportes.com\/joma\/#\/schema\/logo\/image\/","url":"https:\/\/iberdeportes.com\/joma\/wp-content\/uploads\/sites\/2\/2024\/04\/Sin-titulo-3-1.png","contentUrl":"https:\/\/iberdeportes.com\/joma\/wp-content\/uploads\/sites\/2\/2024\/04\/Sin-titulo-3-1.png","width":624,"height":510,"caption":"Ibersport"},"image":{"@id":"https:\/\/iberdeportes.com\/joma\/#\/schema\/logo\/image\/"}}]}},"_links":{"self":[{"href":"https:\/\/iberdeportes.com\/joma\/wp-json\/wp\/v2\/product\/11376","targetHints":{"allow":["GET"]}}],"collection":[{"href":"https:\/\/iberdeportes.com\/joma\/wp-json\/wp\/v2\/product"}],"about":[{"href":"https:\/\/iberdeportes.com\/joma\/wp-json\/wp\/v2\/types\/product"}],"replies":[{"embeddable":true,"href":"https:\/\/iberdeportes.com\/joma\/wp-json\/wp\/v2\/comments?post=11376"}],"wp:featuredmedia":[{"embeddable":true,"href":"https:\/\/iberdeportes.com\/joma\/wp-json\/wp\/v2\/media\/11381"}],"wp:attachment":[{"href":"https:\/\/iberdeportes.com\/joma\/wp-json\/wp\/v2\/media?parent=11376"}],"wp:term":[{"taxonomy":"product_brand","embeddable":true,"href":"https:\/\/iberdeportes.com\/joma\/wp-json\/wp\/v2\/product_brand?post=11376"},{"taxonomy":"product_cat","embeddable":true,"href":"https:\/\/iberdeportes.com\/joma\/wp-json\/wp\/v2\/product_cat?post=11376"},{"taxonomy":"product_tag","embeddable":true,"href":"https:\/\/iberdeportes.com\/joma\/wp-json\/wp\/v2\/product_tag?post=11376"}],"curies":[{"name":"wp","href":"https:\/\/api.w.org\/{rel}","templated":true}]}}