{"id":11344,"date":"2024-08-22T19:28:54","date_gmt":"2024-08-22T23:28:54","guid":{"rendered":"https:\/\/iberdeportes.com\/joma\/?post_type=product&#038;p=11344"},"modified":"2025-04-04T12:29:32","modified_gmt":"2025-04-04T16:29:32","slug":"evolution-jr-naranja-turf","status":"publish","type":"product","link":"https:\/\/iberdeportes.com\/joma\/producto\/evolution-jr-naranja-turf\/","title":{"rendered":"EVOLUTION JR NARANJA TURF"},"content":{"rendered":"<div class=\"wpb-content-wrapper\"><p>[vc_row content_placement=\u00bbtop\u00bb][vc_column width=\u00bb1\/2&#8243;]\t\t<div id=\"wd-66c7c33c1b787\" class=\"wd-text-block wd-wpb reset-last-child wd-rs-66c7c33c1b787 text-left \">\n\t\t\t<div class=\"cdk-visually-hidden cdk-focus-trap-anchor\" aria-hidden=\"true\">\n<p style=\"text-align: justify;\">Esto se ha elaborado con la tecnolog\u00eda VTS. La suela es de caucho DURABILITY de alta calidad con buena resistencia al desgaste por abrasi\u00f3n y agarre a la superficie. Con estructura multitaco que disminuyen la presi\u00f3n de la pisada y aseguran un buen apoyo.<\/p>\n<\/div>\n\t\t<\/div>\n\t\t[vc_single_image image=\u00bb11336&#8243; img_size=\u00bbmedium\u00bb onclick=\u00bbzoom\u00bb css=\u00bb\u00bb parallax_scroll=\u00bbno\u00bb woodmart_inline=\u00bbno\u00bb][\/vc_column][vc_column width=\u00bb1\/2&#8243; css=\u00bb.vc_custom_1490694541710{padding-top: 0px !important;}\u00bb][vc_row_inner content_placement=\u00bbtop\u00bb][vc_column_inner width=\u00bb1\/2&#8243; css=\u00bb.vc_custom_1490695008312{margin-bottom: 20px !important;}\u00bb]\t\t\t<div class=\"info-box-wrapper\">\n\t\t\t\t<div id=\"wd-661ebd9d3acd4\" class=\" wd-rs-661ebd9d3acd4 wd-info-box wd-wpb text-center box-icon-align-top box-style- color-scheme- wd-bg-none vc_custom_1713290697934\">\n\t\t\t\t\t\t\t\t\t\t\t<div class=\"box-icon-wrapper  box-with-icon box-icon-simple\">\n\t\t\t\t\t\t\t<div class=\"info-box-icon\">\n\t\t\t\t\t\t\t\t<img loading=\"lazy\" decoding=\"async\" width=\"321\" height=\"96\" src=\"https:\/\/iberdeportes.com\/joma\/wp-content\/uploads\/sites\/2\/2024\/04\/Durability-321x96.png\" class=\"attachment-321x96 size-321x96\" alt=\"\" srcset=\"https:\/\/iberdeportes.com\/joma\/wp-content\/uploads\/sites\/2\/2024\/04\/Durability.png 321w, https:\/\/iberdeportes.com\/joma\/wp-content\/uploads\/sites\/2\/2024\/04\/Durability-150x45.png 150w\" sizes=\"auto, (max-width: 321px) 100vw, 321px\" \/>\t\t\t\t\t\t\t<\/div>\n\t\t\t\t\t\t<\/div>\n\t\t\t\t\t\t\t\t\t\t<div class=\"info-box-content\">\n\t\t\t\t\t\t<h4 class=\"info-box-title title box-title-style-default wd-fontsize-s\">DURABILITY<\/h4>\t\t\t\t\t\t<div class=\"info-box-inner reset-last-child\"><\/p>\n<p style=\"text-align: center;\">Es un sistema que retrasa el desgaste por abrasi\u00f3n que sufren las suelas en todos los deportes.<\/p>\n<p>\n<\/div>\n\n\t\t\t\t\t\t\t\t\t\t\t<\/div>\n\n\t\t\t\t\t\n\t\t\t\t\t\t\t\t\t<\/div>\n\t\t\t<\/div>\n\t\t[\/vc_column_inner][vc_column_inner width=\u00bb1\/2&#8243; css=\u00bb.vc_custom_1490695011353{margin-bottom: 20px !important;}\u00bb]\t\t\t<div class=\"info-box-wrapper\">\n\t\t\t\t<div id=\"wd-66c7c3bf1ea63\" class=\" wd-rs-66c7c3bf1ea63 wd-info-box wd-wpb text-center box-icon-align-top box-style- color-scheme- wd-bg-none vc_custom_1724367913003\">\n\t\t\t\t\t\t\t\t\t\t\t<div class=\"box-icon-wrapper  box-with-icon box-icon-simple\">\n\t\t\t\t\t\t\t<div class=\"info-box-icon\">\n\t\t\t\t\t\t\t\t<img loading=\"lazy\" decoding=\"async\" width=\"321\" height=\"96\" src=\"https:\/\/iberdeportes.com\/joma\/wp-content\/uploads\/sites\/2\/2024\/04\/VTS-321x96.png\" class=\"attachment-321x96 size-321x96\" alt=\"\" srcset=\"https:\/\/iberdeportes.com\/joma\/wp-content\/uploads\/sites\/2\/2024\/04\/VTS.png 321w, https:\/\/iberdeportes.com\/joma\/wp-content\/uploads\/sites\/2\/2024\/04\/VTS-150x45.png 150w\" sizes=\"auto, (max-width: 321px) 100vw, 321px\" \/>\t\t\t\t\t\t\t<\/div>\n\t\t\t\t\t\t<\/div>\n\t\t\t\t\t\t\t\t\t\t<div class=\"info-box-content\">\n\t\t\t\t\t\t<h4 class=\"info-box-title title box-title-style-default wd-fontsize-s\">VTS<\/h4>\t\t\t\t\t\t<div class=\"info-box-inner reset-last-child\"><\/p>\n<p style=\"text-align: center;\">Sistema que permite que el flujo de aire ingrese al pie para mantenerlo fresco y c\u00f3modo durante el ejercicio.<\/p>\n<p>\n<\/div>\n\n\t\t\t\t\t\t\t\t\t\t\t<\/div>\n\n\t\t\t\t\t\n\t\t\t\t\t\t\t\t\t<\/div>\n\t\t\t<\/div>\n\t\t[\/vc_column_inner][\/vc_row_inner][vc_row_inner content_placement=\u00bbtop\u00bb][vc_column_inner width=\u00bb1\/2&#8243; css=\u00bb.vc_custom_1490695008312{margin-bottom: 20px !important;}\u00bb][\/vc_column_inner][\/vc_row_inner][\/vc_column][\/vc_row]<\/p>\n<\/div>","protected":false},"excerpt":{"rendered":"<p>Zapatillas de f\u00fatbol\u00a0 para ni\u00f1o\/ni\u00f1a. Con estas zapatillas polivalentes, cualquier lugar puede ser un campo de f\u00fatbol. El corte est\u00e1 fabricado en material sint\u00e9tico de alta calidad y buen contacto con el bal\u00f3n.<\/p>\n<h3>Cada caja trae 12 unidades<\/h3>\n<ul class=\"ul-style square\">\n<li>Talla Juvenil\u00a0 \u00a0 \u00a0 \u00a0 \u00a0 \u00a0 \u00a0( 32 \u2013 33 \u201334 \u2013 35 \u2013 36 &#8211; 37 &#8211; 38 &#8211; 39 )<\/li>\n<li>Unidades por tallas ( 01 \u2013 01 \u2013 01 \u2013 01 \u2013 02 &#8211; 02 &#8211; 02- 02 )<\/li>\n<\/ul>\n<p>ESTE PRODUCTO SE VENDE POR CAJAS DE 12 UNIDADES<\/p>\n","protected":false},"featured_media":11321,"comment_status":"open","ping_status":"closed","template":"","meta":{"_joinchat":[]},"product_brand":[],"product_cat":[70,78],"product_tag":[95,85],"class_list":{"0":"post-11344","1":"product","2":"type-product","3":"status-publish","4":"has-post-thumbnail","6":"product_cat-juvenil","7":"product_cat-turf-juvenil","8":"product_tag-turf","9":"product_tag-zapatos","11":"first","12":"instock","13":"taxable","14":"shipping-taxable","15":"purchasable","16":"product-type-simple"},"group_of_quantity":12,"min_quantity":12,"max_quantity":"","exclude_order_quantity_value_rules":"no","exclude_category_quantity_rules":"no","combine_variations":"no","supplier_id":null,"supplier_sku":"","barcode":null,"atum_controlled":true,"out_stock_date":null,"out_stock_threshold":null,"inheritable":false,"inbound_stock":null,"stock_on_hold":0,"sold_today":0,"sales_last_days":0,"reserved_stock":null,"customer_returns":null,"warehouse_damage":null,"lost_in_post":null,"other_logs":null,"out_stock_days":0,"lost_sales":0,"has_location":false,"update_date":"2026-05-04T17:32:58","atum_locations":[],"atum_stock_status":"instock","restock_status":false,"low_stock_amount":"","sales_update_date":"2026-05-04T17:32:58","calc_backorders":null,"yoast_head":"<!-- This site is optimized with the Yoast SEO plugin v26.7 - https:\/\/yoast.com\/wordpress\/plugins\/seo\/ -->\n<title>EVOLUTION JR NARANJA TURF - joma - Ibersport<\/title>\n<meta name=\"robots\" content=\"index, follow, max-snippet:-1, max-image-preview:large, max-video-preview:-1\" \/>\n<link rel=\"canonical\" href=\"https:\/\/iberdeportes.com\/joma\/producto\/evolution-jr-naranja-turf\/\" \/>\n<meta property=\"og:locale\" content=\"es_ES\" \/>\n<meta property=\"og:type\" content=\"article\" \/>\n<meta property=\"og:title\" content=\"EVOLUTION JR NARANJA TURF - joma - Ibersport\" \/>\n<meta property=\"og:description\" content=\"Zapatillas de f\u00fatbol\u00a0 para ni\u00f1o\/ni\u00f1a. Con estas zapatillas polivalentes, cualquier lugar puede ser un campo de f\u00fatbol. El corte est\u00e1 fabricado en material sint\u00e9tico de alta calidad y buen contacto con el bal\u00f3n. Cada caja trae 12 unidades   Talla Juvenil\u00a0 \u00a0 \u00a0 \u00a0 \u00a0 \u00a0 \u00a0( 32 \u2013 33 \u201334 \u2013 35 \u2013 36 - 37 - 38 - 39 )  Unidades por tallas ( 01 \u2013 01 \u2013 01 \u2013 01 \u2013 02 - 02 - 02- 02 )  ESTE PRODUCTO SE VENDE POR CAJAS DE 12 UNIDADES\" \/>\n<meta property=\"og:url\" content=\"https:\/\/iberdeportes.com\/joma\/producto\/evolution-jr-naranja-turf\/\" \/>\n<meta property=\"og:site_name\" content=\"joma - Ibersport\" \/>\n<meta property=\"article:modified_time\" content=\"2025-04-04T16:29:32+00:00\" \/>\n<meta property=\"og:image\" content=\"https:\/\/iberdeportes.com\/joma\/wp-content\/uploads\/sites\/2\/2024\/08\/20231122152840.EVJW2408AG.jpg\" \/>\n\t<meta property=\"og:image:width\" content=\"2000\" \/>\n\t<meta property=\"og:image:height\" content=\"2000\" \/>\n\t<meta property=\"og:image:type\" content=\"image\/jpeg\" \/>\n<meta name=\"twitter:card\" content=\"summary_large_image\" \/>\n<meta name=\"twitter:label1\" content=\"Tiempo de lectura\" \/>\n\t<meta name=\"twitter:data1\" content=\"1 minuto\" \/>\n<script type=\"application\/ld+json\" class=\"yoast-schema-graph\">{\"@context\":\"https:\/\/schema.org\",\"@graph\":[{\"@type\":\"WebPage\",\"@id\":\"https:\/\/iberdeportes.com\/joma\/producto\/evolution-jr-naranja-turf\/\",\"url\":\"https:\/\/iberdeportes.com\/joma\/producto\/evolution-jr-naranja-turf\/\",\"name\":\"EVOLUTION JR NARANJA TURF - joma - Ibersport\",\"isPartOf\":{\"@id\":\"https:\/\/iberdeportes.com\/joma\/#website\"},\"primaryImageOfPage\":{\"@id\":\"https:\/\/iberdeportes.com\/joma\/producto\/evolution-jr-naranja-turf\/#primaryimage\"},\"image\":{\"@id\":\"https:\/\/iberdeportes.com\/joma\/producto\/evolution-jr-naranja-turf\/#primaryimage\"},\"thumbnailUrl\":\"https:\/\/iberdeportes.com\/joma\/wp-content\/uploads\/sites\/2\/2024\/08\/20231122152840.EVJW2408AG.jpg\",\"datePublished\":\"2024-08-22T23:28:54+00:00\",\"dateModified\":\"2025-04-04T16:29:32+00:00\",\"breadcrumb\":{\"@id\":\"https:\/\/iberdeportes.com\/joma\/producto\/evolution-jr-naranja-turf\/#breadcrumb\"},\"inLanguage\":\"es\",\"potentialAction\":[{\"@type\":\"ReadAction\",\"target\":[\"https:\/\/iberdeportes.com\/joma\/producto\/evolution-jr-naranja-turf\/\"]}]},{\"@type\":\"ImageObject\",\"inLanguage\":\"es\",\"@id\":\"https:\/\/iberdeportes.com\/joma\/producto\/evolution-jr-naranja-turf\/#primaryimage\",\"url\":\"https:\/\/iberdeportes.com\/joma\/wp-content\/uploads\/sites\/2\/2024\/08\/20231122152840.EVJW2408AG.jpg\",\"contentUrl\":\"https:\/\/iberdeportes.com\/joma\/wp-content\/uploads\/sites\/2\/2024\/08\/20231122152840.EVJW2408AG.jpg\",\"width\":2000,\"height\":2000},{\"@type\":\"BreadcrumbList\",\"@id\":\"https:\/\/iberdeportes.com\/joma\/producto\/evolution-jr-naranja-turf\/#breadcrumb\",\"itemListElement\":[{\"@type\":\"ListItem\",\"position\":1,\"name\":\"Portada\",\"item\":\"https:\/\/iberdeportes.com\/joma\/\"},{\"@type\":\"ListItem\",\"position\":2,\"name\":\"Tienda\",\"item\":\"https:\/\/iberdeportes.com\/joma\/shop\/\"},{\"@type\":\"ListItem\",\"position\":3,\"name\":\"EVOLUTION JR NARANJA TURF\"}]},{\"@type\":\"WebSite\",\"@id\":\"https:\/\/iberdeportes.com\/joma\/#website\",\"url\":\"https:\/\/iberdeportes.com\/joma\/\",\"name\":\"joma - Ibersport\",\"description\":\"Ibersport distribuidor oficial art\u00edculos Joma en Venezuela\",\"publisher\":{\"@id\":\"https:\/\/iberdeportes.com\/joma\/#organization\"},\"alternateName\":\"Ibersport\",\"potentialAction\":[{\"@type\":\"SearchAction\",\"target\":{\"@type\":\"EntryPoint\",\"urlTemplate\":\"https:\/\/iberdeportes.com\/joma\/?s={search_term_string}\"},\"query-input\":{\"@type\":\"PropertyValueSpecification\",\"valueRequired\":true,\"valueName\":\"search_term_string\"}}],\"inLanguage\":\"es\"},{\"@type\":\"Organization\",\"@id\":\"https:\/\/iberdeportes.com\/joma\/#organization\",\"name\":\"Ibersport\",\"url\":\"https:\/\/iberdeportes.com\/joma\/\",\"logo\":{\"@type\":\"ImageObject\",\"inLanguage\":\"es\",\"@id\":\"https:\/\/iberdeportes.com\/joma\/#\/schema\/logo\/image\/\",\"url\":\"https:\/\/iberdeportes.com\/joma\/wp-content\/uploads\/sites\/2\/2024\/04\/Sin-titulo-3-1.png\",\"contentUrl\":\"https:\/\/iberdeportes.com\/joma\/wp-content\/uploads\/sites\/2\/2024\/04\/Sin-titulo-3-1.png\",\"width\":624,\"height\":510,\"caption\":\"Ibersport\"},\"image\":{\"@id\":\"https:\/\/iberdeportes.com\/joma\/#\/schema\/logo\/image\/\"}}]}<\/script>\n<!-- \/ Yoast SEO plugin. -->","yoast_head_json":{"title":"EVOLUTION JR NARANJA TURF - joma - Ibersport","robots":{"index":"index","follow":"follow","max-snippet":"max-snippet:-1","max-image-preview":"max-image-preview:large","max-video-preview":"max-video-preview:-1"},"canonical":"https:\/\/iberdeportes.com\/joma\/producto\/evolution-jr-naranja-turf\/","og_locale":"es_ES","og_type":"article","og_title":"EVOLUTION JR NARANJA TURF - joma - Ibersport","og_description":"Zapatillas de f\u00fatbol\u00a0 para ni\u00f1o\/ni\u00f1a. Con estas zapatillas polivalentes, cualquier lugar puede ser un campo de f\u00fatbol. El corte est\u00e1 fabricado en material sint\u00e9tico de alta calidad y buen contacto con el bal\u00f3n. Cada caja trae 12 unidades   Talla Juvenil\u00a0 \u00a0 \u00a0 \u00a0 \u00a0 \u00a0 \u00a0( 32 \u2013 33 \u201334 \u2013 35 \u2013 36 - 37 - 38 - 39 )  Unidades por tallas ( 01 \u2013 01 \u2013 01 \u2013 01 \u2013 02 - 02 - 02- 02 )  ESTE PRODUCTO SE VENDE POR CAJAS DE 12 UNIDADES","og_url":"https:\/\/iberdeportes.com\/joma\/producto\/evolution-jr-naranja-turf\/","og_site_name":"joma - Ibersport","article_modified_time":"2025-04-04T16:29:32+00:00","og_image":[{"width":2000,"height":2000,"url":"https:\/\/iberdeportes.com\/joma\/wp-content\/uploads\/sites\/2\/2024\/08\/20231122152840.EVJW2408AG.jpg","type":"image\/jpeg"}],"twitter_card":"summary_large_image","twitter_misc":{"Tiempo de lectura":"1 minuto"},"schema":{"@context":"https:\/\/schema.org","@graph":[{"@type":"WebPage","@id":"https:\/\/iberdeportes.com\/joma\/producto\/evolution-jr-naranja-turf\/","url":"https:\/\/iberdeportes.com\/joma\/producto\/evolution-jr-naranja-turf\/","name":"EVOLUTION JR NARANJA TURF - joma - Ibersport","isPartOf":{"@id":"https:\/\/iberdeportes.com\/joma\/#website"},"primaryImageOfPage":{"@id":"https:\/\/iberdeportes.com\/joma\/producto\/evolution-jr-naranja-turf\/#primaryimage"},"image":{"@id":"https:\/\/iberdeportes.com\/joma\/producto\/evolution-jr-naranja-turf\/#primaryimage"},"thumbnailUrl":"https:\/\/iberdeportes.com\/joma\/wp-content\/uploads\/sites\/2\/2024\/08\/20231122152840.EVJW2408AG.jpg","datePublished":"2024-08-22T23:28:54+00:00","dateModified":"2025-04-04T16:29:32+00:00","breadcrumb":{"@id":"https:\/\/iberdeportes.com\/joma\/producto\/evolution-jr-naranja-turf\/#breadcrumb"},"inLanguage":"es","potentialAction":[{"@type":"ReadAction","target":["https:\/\/iberdeportes.com\/joma\/producto\/evolution-jr-naranja-turf\/"]}]},{"@type":"ImageObject","inLanguage":"es","@id":"https:\/\/iberdeportes.com\/joma\/producto\/evolution-jr-naranja-turf\/#primaryimage","url":"https:\/\/iberdeportes.com\/joma\/wp-content\/uploads\/sites\/2\/2024\/08\/20231122152840.EVJW2408AG.jpg","contentUrl":"https:\/\/iberdeportes.com\/joma\/wp-content\/uploads\/sites\/2\/2024\/08\/20231122152840.EVJW2408AG.jpg","width":2000,"height":2000},{"@type":"BreadcrumbList","@id":"https:\/\/iberdeportes.com\/joma\/producto\/evolution-jr-naranja-turf\/#breadcrumb","itemListElement":[{"@type":"ListItem","position":1,"name":"Portada","item":"https:\/\/iberdeportes.com\/joma\/"},{"@type":"ListItem","position":2,"name":"Tienda","item":"https:\/\/iberdeportes.com\/joma\/shop\/"},{"@type":"ListItem","position":3,"name":"EVOLUTION JR NARANJA TURF"}]},{"@type":"WebSite","@id":"https:\/\/iberdeportes.com\/joma\/#website","url":"https:\/\/iberdeportes.com\/joma\/","name":"joma - Ibersport","description":"Ibersport distribuidor oficial art\u00edculos Joma en Venezuela","publisher":{"@id":"https:\/\/iberdeportes.com\/joma\/#organization"},"alternateName":"Ibersport","potentialAction":[{"@type":"SearchAction","target":{"@type":"EntryPoint","urlTemplate":"https:\/\/iberdeportes.com\/joma\/?s={search_term_string}"},"query-input":{"@type":"PropertyValueSpecification","valueRequired":true,"valueName":"search_term_string"}}],"inLanguage":"es"},{"@type":"Organization","@id":"https:\/\/iberdeportes.com\/joma\/#organization","name":"Ibersport","url":"https:\/\/iberdeportes.com\/joma\/","logo":{"@type":"ImageObject","inLanguage":"es","@id":"https:\/\/iberdeportes.com\/joma\/#\/schema\/logo\/image\/","url":"https:\/\/iberdeportes.com\/joma\/wp-content\/uploads\/sites\/2\/2024\/04\/Sin-titulo-3-1.png","contentUrl":"https:\/\/iberdeportes.com\/joma\/wp-content\/uploads\/sites\/2\/2024\/04\/Sin-titulo-3-1.png","width":624,"height":510,"caption":"Ibersport"},"image":{"@id":"https:\/\/iberdeportes.com\/joma\/#\/schema\/logo\/image\/"}}]}},"_links":{"self":[{"href":"https:\/\/iberdeportes.com\/joma\/wp-json\/wp\/v2\/product\/11344","targetHints":{"allow":["GET"]}}],"collection":[{"href":"https:\/\/iberdeportes.com\/joma\/wp-json\/wp\/v2\/product"}],"about":[{"href":"https:\/\/iberdeportes.com\/joma\/wp-json\/wp\/v2\/types\/product"}],"replies":[{"embeddable":true,"href":"https:\/\/iberdeportes.com\/joma\/wp-json\/wp\/v2\/comments?post=11344"}],"wp:featuredmedia":[{"embeddable":true,"href":"https:\/\/iberdeportes.com\/joma\/wp-json\/wp\/v2\/media\/11321"}],"wp:attachment":[{"href":"https:\/\/iberdeportes.com\/joma\/wp-json\/wp\/v2\/media?parent=11344"}],"wp:term":[{"taxonomy":"product_brand","embeddable":true,"href":"https:\/\/iberdeportes.com\/joma\/wp-json\/wp\/v2\/product_brand?post=11344"},{"taxonomy":"product_cat","embeddable":true,"href":"https:\/\/iberdeportes.com\/joma\/wp-json\/wp\/v2\/product_cat?post=11344"},{"taxonomy":"product_tag","embeddable":true,"href":"https:\/\/iberdeportes.com\/joma\/wp-json\/wp\/v2\/product_tag?post=11344"}],"curies":[{"name":"wp","href":"https:\/\/api.w.org\/{rel}","templated":true}]}}