{"id":11095,"date":"2024-05-29T17:29:39","date_gmt":"2024-05-29T21:29:39","guid":{"rendered":"https:\/\/iberdeportes.com\/joma\/?page_id=11095"},"modified":"2024-05-30T04:07:16","modified_gmt":"2024-05-30T08:07:16","slug":"cotizacion-de-textil","status":"publish","type":"page","link":"https:\/\/iberdeportes.com\/joma\/cotizacion-de-textil\/","title":{"rendered":"Cotizaci\u00f3n de textil"},"content":{"rendered":"<div class=\"wpb-content-wrapper\"><p>[vc_row equal_height=\u00bbyes\u00bb css_animation=\u00bbnone\u00bb css=\u00bb.vc_custom_1496926452255{margin-right: -50px !important;margin-left: -50px !important;}\u00bb][vc_column css=\u00bb.vc_custom_1496927710186{border-right-width: 1px !important;padding-top: 20px !important;padding-right: 50px !important;padding-bottom: 10px !important;padding-left: 50px !important;border-right-color: #e8e8e8 !important;border-right-style: solid !important;}\u00bb offset=\u00bbvc_col-lg-6 vc_col-md-6&#8243;]\n\t\t<div id=\"wd-6623e8596e7dd\" class=\"title-wrapper wd-wpb wd-set-mb reset-last-child  wd-rs-6623e8596e7dd wd-title-color-default wd-title-style-default text-left  wd-underline-colored\">\n\t\t\t\t\t\t\t\n\t\t\t\t<div class=\"title-subtitle  subtitle-color-default font-default subtitle-style-default wd-font-weight- wd-fontsize-xs\">PREGUNTAS DE INFORMACI\u00d3N<\/div>\n\t\t\t\n\t\t\t<div class=\"liner-continer\">\n\t\t\t\t<h4 class=\"woodmart-title-container title  wd-font-weight- wd-fontsize-l\" >PREGUNTAS FRECUENTES<\/h4>\n\t\t\t\t\t\t\t<\/div>\n\t\t\t\n\t\t\t\n\t\t\t\n\t\t<\/div>\n\t\t\n\t\t\n\t\t<div id=\"wd-61825698b13f0\" class=\"wd-accordion wd-wpb wd-rs-61825698b13f0  wd-style-default wd-titles-left wd-opener-pos-right wd-opener-style-arrow\" data-state=\"first\">\n\t\t\t\t\t\t\t\n\t\t\t\t\n\t\t\t\t<div class=\"wd-accordion-item\">\n\t\t\t\t\t<div class=\"wd-accordion-title wd-role-btn wd-active font-text wd-fontsize-s wd-font-weight-600\" data-accordion-index=\"0\" tabindex=\"0\">\n\t\t\t\t\t\t<div class=\"wd-accordion-title-text\">\n\t\t\t\t\t\t\t\t\t\t\t\t\t\t<span>\n\t\t\t\t\t\t\t\t\u00bfC\u00f3mo puedo comprar en Ibersport?\t\t\t\t\t\t\t<\/span>\n\t\t\t\t\t\t<\/div>\n\t\t\t\t\t\t<span class=\"wd-accordion-opener\"><\/span>\n\t\t\t\t\t<\/div>\n\n\t\t\t\t\t<div class=\"wd-accordion-content wd-entry-content wd-active\" data-accordion-index=\"0\">\n\t\t\t\t\t\t\t\t\t\t\t\t\t<p>Ibersport solo vende a tiendas. Para comprar en nuestro sitio web, debes registrarte y crear una cuenta. Una vez registrado, podr\u00e1s navegar por nuestro cat\u00e1logo completo y realizar pedidos de forma segura. Puedes entrar en la tienda y registrarte.<\/p>\n\t\t\t\t\t\t\t\t\t\t\t<\/div>\n\t\t\t\t<\/div>\n\t\t\t\t\t\t\t\n\t\t\t\t\n\t\t\t\t<div class=\"wd-accordion-item\">\n\t\t\t\t\t<div class=\"wd-accordion-title wd-role-btn font-text wd-fontsize-s wd-font-weight-600\" data-accordion-index=\"1\" tabindex=\"0\">\n\t\t\t\t\t\t<div class=\"wd-accordion-title-text\">\n\t\t\t\t\t\t\t\t\t\t\t\t\t\t<span>\n\t\t\t\t\t\t\t\t\u00bfCu\u00e1les son los precios de Ibersport?\t\t\t\t\t\t\t<\/span>\n\t\t\t\t\t\t<\/div>\n\t\t\t\t\t\t<span class=\"wd-accordion-opener\"><\/span>\n\t\t\t\t\t<\/div>\n\n\t\t\t\t\t<div class=\"wd-accordion-content wd-entry-content\" data-accordion-index=\"1\">\n\t\t\t\t\t\t\t\t\t\t\t\t\t<p>Ibersport ofrece precios y descuentos excepcionales para sus clientes mayoristas. Para conocer nuestros precios, por favor reg\u00edstrate en nuestro sitio web y crea una cuenta y podr\u00e1s observar cada producto con su respectivo precio.<\/p>\n\t\t\t\t\t\t\t\t\t\t\t<\/div>\n\t\t\t\t<\/div>\n\t\t\t\t\t\t\t\n\t\t\t\t\n\t\t\t\t<div class=\"wd-accordion-item\">\n\t\t\t\t\t<div class=\"wd-accordion-title wd-role-btn font-text wd-fontsize-s wd-font-weight-600\" data-accordion-index=\"2\" tabindex=\"0\">\n\t\t\t\t\t\t<div class=\"wd-accordion-title-text\">\n\t\t\t\t\t\t\t\t\t\t\t\t\t\t<span>\n\t\t\t\t\t\t\t\t\u00bfC\u00f3mo puedo contactar a Ibersport?\t\t\t\t\t\t\t<\/span>\n\t\t\t\t\t\t<\/div>\n\t\t\t\t\t\t<span class=\"wd-accordion-opener\"><\/span>\n\t\t\t\t\t<\/div>\n\n\t\t\t\t\t<div class=\"wd-accordion-content wd-entry-content\" data-accordion-index=\"2\">\n\t\t\t\t\t\t\t\t\t\t\t\t\t<p>Si tienes alguna pregunta, puedes contactarnos a trav\u00e9s de nuestro sitio web o por tel\u00e9fono al +58 424-2819281<\/p>\n\t\t\t\t\t\t\t\t\t\t\t<\/div>\n\t\t\t\t<\/div>\n\t\t\t\t\t\t\t\n\t\t\t\t\n\t\t\t\t<div class=\"wd-accordion-item\">\n\t\t\t\t\t<div class=\"wd-accordion-title wd-role-btn font-text wd-fontsize-s wd-font-weight-600\" data-accordion-index=\"3\" tabindex=\"0\">\n\t\t\t\t\t\t<div class=\"wd-accordion-title-text\">\n\t\t\t\t\t\t\t\t\t\t\t\t\t\t<span>\n\t\t\t\t\t\t\t\t\u00bfC\u00f3mo puedo encontrar un producto espec\u00edfico en Ibersport?\t\t\t\t\t\t\t<\/span>\n\t\t\t\t\t\t<\/div>\n\t\t\t\t\t\t<span class=\"wd-accordion-opener\"><\/span>\n\t\t\t\t\t<\/div>\n\n\t\t\t\t\t<div class=\"wd-accordion-content wd-entry-content\" data-accordion-index=\"3\">\n\t\t\t\t\t\t\t\t\t\t\t\t\t<p>Puedes encontrar un producto espec\u00edfico en Ibersport, visitando las tiendas dedicadas a cada una de las marcas y utilizando nuestra barra de b\u00fasqueda o navegando por nuestro cat\u00e1logo de productos. La barra de b\u00fasqueda te permite buscar por nombre del producto, marca, referencia, etc. El cat\u00e1logo de productos est\u00e1 organizado por categor\u00edas y subcategor\u00edas para que puedas encontrar f\u00e1cilmente los productos que est\u00e1s buscando.<\/p>\n\t\t\t\t\t\t\t\t\t\t\t<\/div>\n\t\t\t\t<\/div>\n\t\t\t\t\t\t\t\n\t\t\t\t\n\t\t\t\t<div class=\"wd-accordion-item\">\n\t\t\t\t\t<div class=\"wd-accordion-title wd-role-btn font-text wd-fontsize-s wd-font-weight-600\" data-accordion-index=\"4\" tabindex=\"0\">\n\t\t\t\t\t\t<div class=\"wd-accordion-title-text\">\n\t\t\t\t\t\t\t\t\t\t\t\t\t\t<span>\n\t\t\t\t\t\t\t\t\u00bfCu\u00e1l es la calidad de los productos Joma?\t\t\t\t\t\t\t<\/span>\n\t\t\t\t\t\t<\/div>\n\t\t\t\t\t\t<span class=\"wd-accordion-opener\"><\/span>\n\t\t\t\t\t<\/div>\n\n\t\t\t\t\t<div class=\"wd-accordion-content wd-entry-content\" data-accordion-index=\"4\">\n\t\t\t\t\t\t\t\t\t\t\t\t\t<p>Joma es una marca multideporte que est\u00e1 presente en un sinf\u00edn de disciplinas deportivas con calzado y material deportivo de alta calidad y rendimiento. Son una empresa l\u00edder en Europa, patrocinando a profesionales en muchas diciplinas,\u00a0 todos nuestros productos son originales JOMA, somos distribuidores oficiales de la marca.<\/p>\n\t\t\t\t\t\t\t\t\t\t\t<\/div>\n\t\t\t\t<\/div>\n\t\t\t\t\t\t\t\t\t\t\t\t\t\t<\/div>\n\n\t\t[vc_column_text css=\u00bb\u00bb woodmart_inline=\u00bbno\u00bb text_larger=\u00bbno\u00bb]Ibersport distribuidores oficiales.[\/vc_column_text][vc_single_image image=\u00bb10845&#8243; img_size=\u00bbmedium\u00bb css=\u00bb\u00bb parallax_scroll=\u00bbno\u00bb woodmart_inline=\u00bbno\u00bb][\/vc_column][vc_column css=\u00bb.vc_custom_1496927688909{padding-top: 20px !important;padding-right: 50px !important;padding-bottom: 10px !important;padding-left: 50px !important;}\u00bb offset=\u00bbvc_col-lg-6 vc_col-md-6&#8243;]\n\t\t<div id=\"wd-66579e3409b8f\" class=\"title-wrapper wd-wpb wd-set-mb reset-last-child  wd-rs-66579e3409b8f wd-title-color-default wd-title-style-default text-left  wd-underline-colored\">\n\t\t\t\t\t\t\t\n\t\t\t\t<div class=\"title-subtitle  subtitle-color-default font-default subtitle-style-default wd-font-weight- wd-fontsize-xs\">INFORMACI\u00d3N SOBRE NOSOTROS<\/div>\n\t\t\t\n\t\t\t<div class=\"liner-continer\">\n\t\t\t\t<h4 class=\"woodmart-title-container title  wd-font-weight- wd-fontsize-l\" >CONT\u00c1CTANOS PARA COTIZAR<\/h4>\n\t\t\t\t\t\t\t<\/div>\n\t\t\t\n\t\t\t\n\t\t\t\n\t\t<\/div>\n\t\t\n\t\t\n<div class=\"wpcf7 no-js\" id=\"wpcf7-f11094-o1\" lang=\"es-ES\" dir=\"ltr\" data-wpcf7-id=\"11094\">\n<div class=\"screen-reader-response\"><p role=\"status\" aria-live=\"polite\" aria-atomic=\"true\"><\/p> <ul><\/ul><\/div>\n<form action=\"\/joma\/wp-json\/wp\/v2\/pages\/11095#wpcf7-f11094-o1\" method=\"post\" class=\"wpcf7-form init\" aria-label=\"Formulario de contacto\" novalidate=\"novalidate\" data-status=\"init\">\n<fieldset class=\"hidden-fields-container\"><input type=\"hidden\" name=\"_wpcf7\" value=\"11094\" \/><input type=\"hidden\" name=\"_wpcf7_version\" value=\"6.1.5\" \/><input type=\"hidden\" name=\"_wpcf7_locale\" value=\"es_ES\" \/><input type=\"hidden\" name=\"_wpcf7_unit_tag\" value=\"wpcf7-f11094-o1\" \/><input type=\"hidden\" name=\"_wpcf7_container_post\" value=\"0\" \/><input type=\"hidden\" name=\"_wpcf7_posted_data_hash\" value=\"\" \/><input type=\"hidden\" name=\"_wpcf7_recaptcha_response\" value=\"\" \/>\n<\/fieldset>\n<p><label> Nombre<br \/>\n<span class=\"wpcf7-form-control-wrap\" data-name=\"your-name\"><input size=\"40\" maxlength=\"400\" class=\"wpcf7-form-control wpcf7-text wpcf7-validates-as-required\" autocomplete=\"name\" aria-required=\"true\" aria-invalid=\"false\" value=\"\" type=\"text\" name=\"your-name\" \/><\/span> <\/label>\n<\/p>\n<p><label> Correo electr\u00f3nico<br \/>\n<span class=\"wpcf7-form-control-wrap\" data-name=\"your-email\"><input size=\"40\" maxlength=\"400\" class=\"wpcf7-form-control wpcf7-email wpcf7-validates-as-required wpcf7-text wpcf7-validates-as-email\" autocomplete=\"email\" aria-required=\"true\" aria-invalid=\"false\" value=\"\" type=\"email\" name=\"your-email\" \/><\/span> <\/label>\n<\/p>\n<p><label> Tel\u00e9fono<br \/>\n<span class=\"wpcf7-form-control-wrap\" data-name=\"tel-475\"><input size=\"40\" maxlength=\"400\" class=\"wpcf7-form-control wpcf7-tel wpcf7-text wpcf7-validates-as-tel\" aria-invalid=\"false\" value=\"\" type=\"tel\" name=\"tel-475\" \/><\/span> <\/label>\n<\/p>\n<p><label> Seleccione los Set que desea cotizar <\/label>\n<\/p>\n<p><span class=\"wpcf7-form-control-wrap\" data-name=\"SET\"><span class=\"wpcf7-form-control wpcf7-checkbox wpcf7-validates-as-required\"><span class=\"wpcf7-list-item first\"><label><input type=\"checkbox\" name=\"SET[]\" value=\"Set Danubio\" \/><span class=\"wpcf7-list-item-label\">Set Danubio<\/span><\/label><\/span><span class=\"wpcf7-list-item\"><label><input type=\"checkbox\" name=\"SET[]\" value=\"Set Danubio II\" \/><span class=\"wpcf7-list-item-label\">Set Danubio II<\/span><\/label><\/span><span class=\"wpcf7-list-item\"><label><input type=\"checkbox\" name=\"SET[]\" value=\"Set Phoenix\" \/><span class=\"wpcf7-list-item-label\">Set Phoenix<\/span><\/label><\/span><span class=\"wpcf7-list-item last\"><label><input type=\"checkbox\" name=\"SET[]\" value=\"Set Phoenix II\" \/><span class=\"wpcf7-list-item-label\">Set Phoenix II<\/span><\/label><\/span><\/span><\/span>\n<\/p>\n<p><label> Seleccione las tallas <\/label>\n<\/p>\n<p><span class=\"wpcf7-form-control-wrap\" data-name=\"Talla\"><span class=\"wpcf7-form-control wpcf7-checkbox\"><span class=\"wpcf7-list-item first\"><label><input type=\"checkbox\" name=\"Talla[]\" value=\"5XS\" \/><span class=\"wpcf7-list-item-label\">5XS<\/span><\/label><\/span><span class=\"wpcf7-list-item\"><label><input type=\"checkbox\" name=\"Talla[]\" value=\"4XS\" \/><span class=\"wpcf7-list-item-label\">4XS<\/span><\/label><\/span><span class=\"wpcf7-list-item\"><label><input type=\"checkbox\" name=\"Talla[]\" value=\"3XS\" \/><span class=\"wpcf7-list-item-label\">3XS<\/span><\/label><\/span><span class=\"wpcf7-list-item\"><label><input type=\"checkbox\" name=\"Talla[]\" value=\"2XS\" \/><span class=\"wpcf7-list-item-label\">2XS<\/span><\/label><\/span><span class=\"wpcf7-list-item\"><label><input type=\"checkbox\" name=\"Talla[]\" value=\"XS\" \/><span class=\"wpcf7-list-item-label\">XS<\/span><\/label><\/span><span class=\"wpcf7-list-item\"><label><input type=\"checkbox\" name=\"Talla[]\" value=\"S\" \/><span class=\"wpcf7-list-item-label\">S<\/span><\/label><\/span><span class=\"wpcf7-list-item\"><label><input type=\"checkbox\" name=\"Talla[]\" value=\"M\" \/><span class=\"wpcf7-list-item-label\">M<\/span><\/label><\/span><span class=\"wpcf7-list-item\"><label><input type=\"checkbox\" name=\"Talla[]\" value=\"L\" \/><span class=\"wpcf7-list-item-label\">L<\/span><\/label><\/span><span class=\"wpcf7-list-item\"><label><input type=\"checkbox\" name=\"Talla[]\" value=\"XL\" \/><span class=\"wpcf7-list-item-label\">XL<\/span><\/label><\/span><span class=\"wpcf7-list-item\"><label><input type=\"checkbox\" name=\"Talla[]\" value=\"2XL\" \/><span class=\"wpcf7-list-item-label\">2XL<\/span><\/label><\/span><span class=\"wpcf7-list-item\"><label><input type=\"checkbox\" name=\"Talla[]\" value=\"3XL\" \/><span class=\"wpcf7-list-item-label\">3XL<\/span><\/label><\/span><span class=\"wpcf7-list-item last\"><label><input type=\"checkbox\" name=\"Talla[]\" value=\"4XL\" \/><span class=\"wpcf7-list-item-label\">4XL<\/span><\/label><\/span><\/span><\/span>\n<\/p>\n<p><label> Tu mensaje (opcional)<br \/>\n<span class=\"wpcf7-form-control-wrap\" data-name=\"your-message\"><textarea cols=\"40\" rows=\"10\" maxlength=\"2000\" class=\"wpcf7-form-control wpcf7-textarea\" aria-invalid=\"false\" name=\"your-message\"><\/textarea><\/span> <\/label>\n<\/p>\n<p><input class=\"wpcf7-form-control wpcf7-submit has-spinner\" type=\"submit\" value=\"Enviar\" \/>\n<\/p><div class=\"wpcf7-response-output\" aria-hidden=\"true\"><\/div>\n<\/form>\n<\/div>\n[\/vc_column][\/vc_row]<\/p>\n<\/div>","protected":false},"excerpt":{"rendered":"<p>[vc_row equal_height=\u00bbyes\u00bb css_animation=\u00bbnone\u00bb css=\u00bb.vc_custom_1496926452255{margin-right: -50px !important;margin-left: -50px !important;}\u00bb][vc_column css=\u00bb.vc_custom_1496927710186{border-right-width: 1px !important;padding-top: 20px !important;padding-right: 50px !important;padding-bottom: 10px !important;padding-left: 50px !important;border-right-color: #e8e8e8<\/p>\n","protected":false},"author":1,"featured_media":0,"parent":0,"menu_order":0,"comment_status":"closed","ping_status":"closed","template":"","meta":{"_joinchat":[],"footnotes":""},"class_list":["post-11095","page","type-page","status-publish","hentry"],"yoast_head":"<!-- This site is optimized with the Yoast SEO plugin v26.7 - https:\/\/yoast.com\/wordpress\/plugins\/seo\/ -->\n<title>Cotizaci\u00f3n de textil - joma - Ibersport<\/title>\n<meta name=\"robots\" content=\"index, follow, max-snippet:-1, max-image-preview:large, max-video-preview:-1\" \/>\n<link rel=\"canonical\" href=\"https:\/\/iberdeportes.com\/joma\/cotizacion-de-textil\/\" \/>\n<meta property=\"og:locale\" content=\"es_ES\" \/>\n<meta property=\"og:type\" content=\"article\" \/>\n<meta property=\"og:title\" content=\"Cotizaci\u00f3n de textil - joma - Ibersport\" \/>\n<meta property=\"og:description\" content=\"[vc_row equal_height=\u00bbyes\u00bb css_animation=\u00bbnone\u00bb css=\u00bb.vc_custom_1496926452255{margin-right: -50px !important;margin-left: -50px !important;}\u00bb][vc_column css=\u00bb.vc_custom_1496927710186{border-right-width: 1px !important;padding-top: 20px !important;padding-right: 50px !important;padding-bottom: 10px !important;padding-left: 50px !important;border-right-color: #e8e8e8\" \/>\n<meta property=\"og:url\" content=\"https:\/\/iberdeportes.com\/joma\/cotizacion-de-textil\/\" \/>\n<meta property=\"og:site_name\" content=\"joma - Ibersport\" \/>\n<meta property=\"article:modified_time\" content=\"2024-05-30T08:07:16+00:00\" \/>\n<meta name=\"twitter:card\" content=\"summary_large_image\" \/>\n<meta name=\"twitter:label1\" content=\"Tiempo de lectura\" \/>\n\t<meta name=\"twitter:data1\" content=\"2 minutos\" \/>\n<script type=\"application\/ld+json\" class=\"yoast-schema-graph\">{\"@context\":\"https:\/\/schema.org\",\"@graph\":[{\"@type\":\"WebPage\",\"@id\":\"https:\/\/iberdeportes.com\/joma\/cotizacion-de-textil\/\",\"url\":\"https:\/\/iberdeportes.com\/joma\/cotizacion-de-textil\/\",\"name\":\"Cotizaci\u00f3n de textil - joma - Ibersport\",\"isPartOf\":{\"@id\":\"https:\/\/iberdeportes.com\/joma\/#website\"},\"datePublished\":\"2024-05-29T21:29:39+00:00\",\"dateModified\":\"2024-05-30T08:07:16+00:00\",\"breadcrumb\":{\"@id\":\"https:\/\/iberdeportes.com\/joma\/cotizacion-de-textil\/#breadcrumb\"},\"inLanguage\":\"es\",\"potentialAction\":[{\"@type\":\"ReadAction\",\"target\":[\"https:\/\/iberdeportes.com\/joma\/cotizacion-de-textil\/\"]}]},{\"@type\":\"BreadcrumbList\",\"@id\":\"https:\/\/iberdeportes.com\/joma\/cotizacion-de-textil\/#breadcrumb\",\"itemListElement\":[{\"@type\":\"ListItem\",\"position\":1,\"name\":\"Portada\",\"item\":\"https:\/\/iberdeportes.com\/joma\/\"},{\"@type\":\"ListItem\",\"position\":2,\"name\":\"Cotizaci\u00f3n de textil\"}]},{\"@type\":\"WebSite\",\"@id\":\"https:\/\/iberdeportes.com\/joma\/#website\",\"url\":\"https:\/\/iberdeportes.com\/joma\/\",\"name\":\"joma - Ibersport\",\"description\":\"Ibersport distribuidor oficial art\u00edculos Joma en Venezuela\",\"publisher\":{\"@id\":\"https:\/\/iberdeportes.com\/joma\/#organization\"},\"alternateName\":\"Ibersport\",\"potentialAction\":[{\"@type\":\"SearchAction\",\"target\":{\"@type\":\"EntryPoint\",\"urlTemplate\":\"https:\/\/iberdeportes.com\/joma\/?s={search_term_string}\"},\"query-input\":{\"@type\":\"PropertyValueSpecification\",\"valueRequired\":true,\"valueName\":\"search_term_string\"}}],\"inLanguage\":\"es\"},{\"@type\":\"Organization\",\"@id\":\"https:\/\/iberdeportes.com\/joma\/#organization\",\"name\":\"Ibersport\",\"url\":\"https:\/\/iberdeportes.com\/joma\/\",\"logo\":{\"@type\":\"ImageObject\",\"inLanguage\":\"es\",\"@id\":\"https:\/\/iberdeportes.com\/joma\/#\/schema\/logo\/image\/\",\"url\":\"https:\/\/iberdeportes.com\/joma\/wp-content\/uploads\/sites\/2\/2024\/04\/Sin-titulo-3-1.png\",\"contentUrl\":\"https:\/\/iberdeportes.com\/joma\/wp-content\/uploads\/sites\/2\/2024\/04\/Sin-titulo-3-1.png\",\"width\":624,\"height\":510,\"caption\":\"Ibersport\"},\"image\":{\"@id\":\"https:\/\/iberdeportes.com\/joma\/#\/schema\/logo\/image\/\"}}]}<\/script>\n<!-- \/ Yoast SEO plugin. -->","yoast_head_json":{"title":"Cotizaci\u00f3n de textil - joma - Ibersport","robots":{"index":"index","follow":"follow","max-snippet":"max-snippet:-1","max-image-preview":"max-image-preview:large","max-video-preview":"max-video-preview:-1"},"canonical":"https:\/\/iberdeportes.com\/joma\/cotizacion-de-textil\/","og_locale":"es_ES","og_type":"article","og_title":"Cotizaci\u00f3n de textil - joma - Ibersport","og_description":"[vc_row equal_height=\u00bbyes\u00bb css_animation=\u00bbnone\u00bb css=\u00bb.vc_custom_1496926452255{margin-right: -50px !important;margin-left: -50px !important;}\u00bb][vc_column css=\u00bb.vc_custom_1496927710186{border-right-width: 1px !important;padding-top: 20px !important;padding-right: 50px !important;padding-bottom: 10px !important;padding-left: 50px !important;border-right-color: #e8e8e8","og_url":"https:\/\/iberdeportes.com\/joma\/cotizacion-de-textil\/","og_site_name":"joma - Ibersport","article_modified_time":"2024-05-30T08:07:16+00:00","twitter_card":"summary_large_image","twitter_misc":{"Tiempo de lectura":"2 minutos"},"schema":{"@context":"https:\/\/schema.org","@graph":[{"@type":"WebPage","@id":"https:\/\/iberdeportes.com\/joma\/cotizacion-de-textil\/","url":"https:\/\/iberdeportes.com\/joma\/cotizacion-de-textil\/","name":"Cotizaci\u00f3n de textil - joma - Ibersport","isPartOf":{"@id":"https:\/\/iberdeportes.com\/joma\/#website"},"datePublished":"2024-05-29T21:29:39+00:00","dateModified":"2024-05-30T08:07:16+00:00","breadcrumb":{"@id":"https:\/\/iberdeportes.com\/joma\/cotizacion-de-textil\/#breadcrumb"},"inLanguage":"es","potentialAction":[{"@type":"ReadAction","target":["https:\/\/iberdeportes.com\/joma\/cotizacion-de-textil\/"]}]},{"@type":"BreadcrumbList","@id":"https:\/\/iberdeportes.com\/joma\/cotizacion-de-textil\/#breadcrumb","itemListElement":[{"@type":"ListItem","position":1,"name":"Portada","item":"https:\/\/iberdeportes.com\/joma\/"},{"@type":"ListItem","position":2,"name":"Cotizaci\u00f3n de textil"}]},{"@type":"WebSite","@id":"https:\/\/iberdeportes.com\/joma\/#website","url":"https:\/\/iberdeportes.com\/joma\/","name":"joma - Ibersport","description":"Ibersport distribuidor oficial art\u00edculos Joma en Venezuela","publisher":{"@id":"https:\/\/iberdeportes.com\/joma\/#organization"},"alternateName":"Ibersport","potentialAction":[{"@type":"SearchAction","target":{"@type":"EntryPoint","urlTemplate":"https:\/\/iberdeportes.com\/joma\/?s={search_term_string}"},"query-input":{"@type":"PropertyValueSpecification","valueRequired":true,"valueName":"search_term_string"}}],"inLanguage":"es"},{"@type":"Organization","@id":"https:\/\/iberdeportes.com\/joma\/#organization","name":"Ibersport","url":"https:\/\/iberdeportes.com\/joma\/","logo":{"@type":"ImageObject","inLanguage":"es","@id":"https:\/\/iberdeportes.com\/joma\/#\/schema\/logo\/image\/","url":"https:\/\/iberdeportes.com\/joma\/wp-content\/uploads\/sites\/2\/2024\/04\/Sin-titulo-3-1.png","contentUrl":"https:\/\/iberdeportes.com\/joma\/wp-content\/uploads\/sites\/2\/2024\/04\/Sin-titulo-3-1.png","width":624,"height":510,"caption":"Ibersport"},"image":{"@id":"https:\/\/iberdeportes.com\/joma\/#\/schema\/logo\/image\/"}}]}},"_links":{"self":[{"href":"https:\/\/iberdeportes.com\/joma\/wp-json\/wp\/v2\/pages\/11095","targetHints":{"allow":["GET"]}}],"collection":[{"href":"https:\/\/iberdeportes.com\/joma\/wp-json\/wp\/v2\/pages"}],"about":[{"href":"https:\/\/iberdeportes.com\/joma\/wp-json\/wp\/v2\/types\/page"}],"author":[{"embeddable":true,"href":"https:\/\/iberdeportes.com\/joma\/wp-json\/wp\/v2\/users\/1"}],"replies":[{"embeddable":true,"href":"https:\/\/iberdeportes.com\/joma\/wp-json\/wp\/v2\/comments?post=11095"}],"version-history":[{"count":2,"href":"https:\/\/iberdeportes.com\/joma\/wp-json\/wp\/v2\/pages\/11095\/revisions"}],"predecessor-version":[{"id":11097,"href":"https:\/\/iberdeportes.com\/joma\/wp-json\/wp\/v2\/pages\/11095\/revisions\/11097"}],"wp:attachment":[{"href":"https:\/\/iberdeportes.com\/joma\/wp-json\/wp\/v2\/media?parent=11095"}],"curies":[{"name":"wp","href":"https:\/\/api.w.org\/{rel}","templated":true}]}}